{"id":15915,"date":"2016-06-22T13:59:56","date_gmt":"2016-06-22T11:59:56","guid":{"rendered":"https:\/\/www.cristal-kryolipolyse.com\/?page_id=15915"},"modified":"2025-09-15T10:48:23","modified_gmt":"2025-09-15T08:48:23","slug":"impressum","status":"publish","type":"page","link":"https:\/\/www.cristal-bodycontouring.com\/de\/impressum\/","title":{"rendered":"Impressum"},"content":{"rendered":"<section class=\"wpb-content-wrapper\"><p>[vc_row row_type=&#8220;row&#8220; use_row_as_full_screen_section=&#8220;no&#8220; type=&#8220;full_width&#8220; angled_section=&#8220;no&#8220; text_align=&#8220;left&#8220; background_image_as_pattern=&#8220;without_pattern&#8220;][vc_column][vc_column_text]<strong>Angaben gem\u00e4\u00df \u00a7 5 TMG:<\/strong><\/p>\n<p>ICE AESTHETIC GmbH<br \/>\nGesch\u00e4ftsf\u00fchrer: Anja Schulz<br \/>\nKurf\u00fcrstenstra\u00dfe 130<br \/>\n10785 Berlin<br \/>\nDeutschland<br \/>\nUSt.-ID: DE304742107<br \/>\neingetragen im Amtsgericht Charlottenburg (HRB 174095)[\/vc_column_text][\/vc_column][\/vc_row][vc_row row_type=&#8220;row&#8220; use_row_as_full_screen_section=&#8220;no&#8220; type=&#8220;full_width&#8220; angled_section=&#8220;no&#8220; text_align=&#8220;left&#8220; background_image_as_pattern=&#8220;without_pattern&#8220;][vc_column][vc_separator type=&#8220;normal&#8220; up=&#8220;30&#8243; down=&#8220;30&#8243;][\/vc_column][\/vc_row][vc_row row_type=&#8220;row&#8220; use_row_as_full_screen_section=&#8220;no&#8220; type=&#8220;full_width&#8220; angled_section=&#8220;no&#8220; text_align=&#8220;left&#8220; background_image_as_pattern=&#8220;without_pattern&#8220;][vc_column width=&#8220;1\/3&#8243;][vc_column_text]<strong>Sitz der Gesellschaft<\/strong><\/p>\n<p>ICE AESTHETIC GmbH<br \/>\nKurf\u00fcrstenstra\u00dfe 130<br \/>\n10785 Berlin<br \/>\nDeutschland[\/vc_column_text][\/vc_column][vc_column width=&#8220;1\/3&#8243;][vc_column_text]<strong>Kontakt<\/strong><\/p>\n<p>Tel: +49 (0)30 886 921 58<br \/>\nMail: mail@ice-aesthetic.com<br \/>\nWeb: www.cristal-kryolipolyse.com[\/vc_column_text][\/vc_column][vc_column width=&#8220;1\/3&#8243;][vc_column_text][\/vc_column_text][\/vc_column][\/vc_row][vc_row row_type=&#8220;row&#8220; use_row_as_full_screen_section=&#8220;no&#8220; type=&#8220;full_width&#8220; angled_section=&#8220;no&#8220; text_align=&#8220;left&#8220; background_image_as_pattern=&#8220;without_pattern&#8220;][vc_column][\/vc_column][\/vc_row][vc_row row_type=&#8220;row&#8220; use_row_as_full_screen_section=&#8220;no&#8220; type=&#8220;full_width&#8220; angled_section=&#8220;no&#8220; text_align=&#8220;left&#8220; background_image_as_pattern=&#8220;without_pattern&#8220;][vc_column][vc_separator type=&#8220;normal&#8220; up=&#8220;30&#8243; down=&#8220;30&#8243;][\/vc_column][\/vc_row][vc_row row_type=&#8220;row&#8220; use_row_as_full_screen_section=&#8220;no&#8220; type=&#8220;full_width&#8220; angled_section=&#8220;no&#8220; text_align=&#8220;left&#8220; background_image_as_pattern=&#8220;without_pattern&#8220;][vc_column][vc_column_text]<\/p>\n<p style=\"text-align: justify;\"><strong>COPYRIGHT<\/strong><\/p>\n<p style=\"text-align: justify;\">Die Inhalte dieser Seiten sowie die zum Download bereitgestellten Dateien sind urheberrechtlich gesch\u00fctzt. Die Verwendung, Vervielf\u00e4ltigung oder Verbreitung der Inhalte oder Abbildungen als Ganzes oder in Teilen bedarf der schriftlichen Einwilligung des o. g. Seitenbetreibers.<\/p>\n<p style=\"text-align: justify;\">ICE AESTHETIC\u00ae ist eine eingetragene und gesch\u00fctzte Marke in der Europ\u00e4ischen Union und der Schweiz.<\/p>\n<p style=\"text-align: justify;\">Fotos\/Bilder: Deleo, Fotolia.de, iStock<br \/>\nPartner-Logos: Die Rechte aller auf dieser Seite gezeigten Firmenlogos liegen bei den jeweiligen Unternehmen selbst.<\/p>\n<p style=\"text-align: justify;\">Webdesign: <a href=\"https:\/\/www.mewigo.de\/\" target=\"_blank\" rel=\"noopener\">WordPress Agentur Berlin &#8211; MEWIGO<\/a><\/p>\n<p>&nbsp;<\/p>\n<p style=\"text-align: justify;\"><strong>HAFTUNGSAUSSCHLUSS<\/strong><\/p>\n<p style=\"text-align: justify;\">INHALT DES ONLINEANGEBOTES<\/p>\n<p style=\"text-align: justify;\">Der Inhalt dieser Seiten dient nur der allgemeinen Information. ICE AESTHETIC BERLIN, S.L. \u00fcbernimmt keinerlei Gew\u00e4hr f\u00fcr die Vollst\u00e4ndigkeit, Korrektheit und Aktualit\u00e4t der dargestellten Informationen. Haftungsanspr\u00fcche gegen ICE AESTHETIC BERLIN, S.L., welche sich auf Sch\u00e4den materieller oder ideeller Art beziehen, die durch die Nutzung oder Nichtnutzung der dargebotenen Informationen bzw. durch die Nutzung fehlerhafter und unvollst\u00e4ndiger Informationen verursacht wurden, sind grunds\u00e4tzlich ausgeschlossen, sofern seitens des Autors kein nachweislich vors\u00e4tzliches oder grob fahrl\u00e4ssiges Verschulden vorliegt.<\/p>\n<p style=\"text-align: justify;\">Bitte beachten: Auch wenn dutzende wissenschaftliche Studien die Wirksamkeit und Sicherheit der Kryolipolyse best\u00e4tigt haben, gibt es gleichzeitig auch anderslautende Stimmen und Studien, die die Behandlungsmethode wissenschaftlich bestreiten und den Behandlungserfolg als ungewiss ansehen. Bei allen aufgef\u00fchrten Artikeln und Videobeitr\u00e4gen handelt es sich ausdr\u00fccklich um redaktionelle Beitr\u00e4ge, welche in alleiniger Verantwortung der entsprechenden Redaktionen entstanden sind.<\/p>\n<p style=\"text-align: justify;\"><strong>Die enthaltenen Angaben stellen daher die rein subjektive Auffassung der jeweiligen Redaktion dar; diese machen wir uns ausdr\u00fccklich und explizit nicht durch die Verlinkung zu Eigen.<\/strong><\/p>\n<p>&nbsp;<\/p>\n<p style=\"text-align: justify;\">VERWEISE UND LINKS<\/p>\n<p style=\"text-align: justify;\">Trotz sorgf\u00e4ltiger inhaltlicher Kontrolle \u00fcbernimmt ICE AESTHETIC BERLIN, S.L. keine Haftung f\u00fcr Handlungen, die auf Grundlage der auf diesen Seiten enthaltenen Informationsmaterialien unternommen werden. Auf die zuk\u00fcnftige Gestaltung, der gelinkten\/verkn\u00fcpften Seiten hat ICE AESTHETIC BERLIN, S.L. keinerlei Einfluss und distanziert sich deshalb vorsorglich von Inhaltsver\u00e4nderungen nach der Linksetzung. ICE AESTHETIC BERLIN, S.L. \u00fcbernimmt auch keine Haftung, Garantie oder Gew\u00e4hr f\u00fcr die Aktualit\u00e4t, Richtigkeit und Vollst\u00e4ndigkeit der auf diesen Webseiten bereitgestellten Informationen. Dies gilt auch f\u00fcr alle Links, auf die direkt oder indirekt verwiesen wird. F\u00fcr den Inhalt von verlinkten Seiten sind ausschlie\u00dflich deren Betreiber verantwortlich.<\/p>\n<p>[\/vc_column_text][vc_empty_space height=&#8220;40px&#8220;][\/vc_column][\/vc_row]<\/p>\n<\/section>","protected":false},"excerpt":{"rendered":"<p>[vc_row row_type=&#8220;row&#8220; use_row_as_full_screen_section=&#8220;no&#8220; type=&#8220;full_width&#8220; angled_section=&#8220;no&#8220; text_align=&#8220;left&#8220; background_image_as_pattern=&#8220;without_pattern&#8220;][vc_column][vc_column_text]Angaben gem\u00e4\u00df \u00a7 5 TMG: ICE AESTHETIC GmbH Gesch\u00e4ftsf\u00fchrer: Anja Schulz Kurf\u00fcrstenstra\u00dfe 130 10785 Berlin Deutschland USt.-ID: DE304742107 eingetragen im Amtsgericht Charlottenburg (HRB 174095)[\/vc_column_text][\/vc_column][\/vc_row][vc_row row_type=&#8220;row&#8220; use_row_as_full_screen_section=&#8220;no&#8220; type=&#8220;full_width&#8220; angled_section=&#8220;no&#8220; text_align=&#8220;left&#8220; background_image_as_pattern=&#8220;without_pattern&#8220;][vc_column][vc_separator type=&#8220;normal&#8220; up=&#8220;30&#8243; down=&#8220;30&#8243;][\/vc_column][\/vc_row][vc_row row_type=&#8220;row&#8220; use_row_as_full_screen_section=&#8220;no&#8220; type=&#8220;full_width&#8220; angled_section=&#8220;no&#8220; text_align=&#8220;left&#8220; background_image_as_pattern=&#8220;without_pattern&#8220;][vc_column width=&#8220;1\/3&#8243;][vc_column_text]Sitz der Gesellschaft ICE AESTHETIC GmbH Kurf\u00fcrstenstra\u00dfe 130 10785 Berlin [&hellip;]<\/p>\n","protected":false},"author":3,"featured_media":0,"parent":0,"menu_order":0,"comment_status":"closed","ping_status":"closed","template":"","meta":[],"acf":[],"yoast_head":"<!-- This site is optimized with the Yoast SEO plugin v20.8 - https:\/\/yoast.com\/wordpress\/plugins\/seo\/ -->\n<title>Impressum - CRISTAL\u00ae<\/title>\n<meta name=\"robots\" content=\"noindex, nofollow\" \/>\n<meta property=\"og:locale\" content=\"de_DE\" \/>\n<meta property=\"og:type\" content=\"article\" \/>\n<meta property=\"og:title\" content=\"Impressum - CRISTAL\u00ae\" \/>\n<meta property=\"og:description\" content=\"[vc_row row_type=&#8220;row&#8220; use_row_as_full_screen_section=&#8220;no&#8220; type=&#8220;full_width&#8220; angled_section=&#8220;no&#8220; text_align=&#8220;left&#8220; background_image_as_pattern=&#8220;without_pattern&#8220;][vc_column][vc_column_text]Angaben gem\u00e4\u00df \u00a7 5 TMG: ICE AESTHETIC GmbH Gesch\u00e4ftsf\u00fchrer: Anja Schulz Kurf\u00fcrstenstra\u00dfe 130 10785 Berlin Deutschland USt.-ID: DE304742107 eingetragen im Amtsgericht Charlottenburg (HRB 174095)[\/vc_column_text][\/vc_column][\/vc_row][vc_row row_type=&#8220;row&#8220; use_row_as_full_screen_section=&#8220;no&#8220; type=&#8220;full_width&#8220; angled_section=&#8220;no&#8220; text_align=&#8220;left&#8220; background_image_as_pattern=&#8220;without_pattern&#8220;][vc_column][vc_separator type=&#8220;normal&#8220; up=&#8220;30&#8243; down=&#8220;30&#8243;][\/vc_column][\/vc_row][vc_row row_type=&#8220;row&#8220; use_row_as_full_screen_section=&#8220;no&#8220; type=&#8220;full_width&#8220; angled_section=&#8220;no&#8220; text_align=&#8220;left&#8220; background_image_as_pattern=&#8220;without_pattern&#8220;][vc_column width=&#8220;1\/3&#8243;][vc_column_text]Sitz der Gesellschaft ICE AESTHETIC GmbH Kurf\u00fcrstenstra\u00dfe 130 10785 Berlin [&hellip;]\" \/>\n<meta property=\"og:url\" content=\"https:\/\/www.cristal-bodycontouring.com\/de\/impressum\/\" \/>\n<meta property=\"og:site_name\" content=\"CRISTAL\u00ae\" \/>\n<meta property=\"article:modified_time\" content=\"2025-09-15T08:48:23+00:00\" \/>\n<meta property=\"og:image\" content=\"https:\/\/www.cristal-bodycontouring.com\/wp-content\/uploads\/2020\/07\/Cristal-leucht-e1595837101174.jpg\" \/>\n\t<meta property=\"og:image:width\" content=\"1795\" \/>\n\t<meta property=\"og:image:height\" content=\"1000\" \/>\n\t<meta property=\"og:image:type\" content=\"image\/jpeg\" \/>\n<meta name=\"twitter:card\" content=\"summary_large_image\" \/>\n<meta name=\"twitter:label1\" content=\"Gesch\u00e4tzte Lesezeit\" \/>\n\t<meta name=\"twitter:data1\" content=\"3\u00a0Minuten\" \/>\n<script type=\"application\/ld+json\" class=\"yoast-schema-graph\">{\"@context\":\"https:\/\/schema.org\",\"@graph\":[{\"@type\":\"WebPage\",\"@id\":\"https:\/\/www.cristal-bodycontouring.com\/de\/impressum\/\",\"url\":\"https:\/\/www.cristal-bodycontouring.com\/de\/impressum\/\",\"name\":\"Impressum - CRISTAL\u00ae\",\"isPartOf\":{\"@id\":\"https:\/\/www.cristal-bodycontouring.com\/de\/#website\"},\"datePublished\":\"2016-06-22T11:59:56+00:00\",\"dateModified\":\"2025-09-15T08:48:23+00:00\",\"breadcrumb\":{\"@id\":\"https:\/\/www.cristal-bodycontouring.com\/de\/impressum\/#breadcrumb\"},\"inLanguage\":\"de\",\"potentialAction\":[{\"@type\":\"ReadAction\",\"target\":[\"https:\/\/www.cristal-bodycontouring.com\/de\/impressum\/\"]}]},{\"@type\":\"BreadcrumbList\",\"@id\":\"https:\/\/www.cristal-bodycontouring.com\/de\/impressum\/#breadcrumb\",\"itemListElement\":[{\"@type\":\"ListItem\",\"position\":1,\"name\":\"Home\",\"item\":\"https:\/\/www.cristal-bodycontouring.com\/de\/\"},{\"@type\":\"ListItem\",\"position\":2,\"name\":\"Impressum\"}]},{\"@type\":\"WebSite\",\"@id\":\"https:\/\/www.cristal-bodycontouring.com\/de\/#website\",\"url\":\"https:\/\/www.cristal-bodycontouring.com\/de\/\",\"name\":\"CRISTAL\u00ae\",\"description\":\"Medical Cryolipolysis Equipment\",\"publisher\":{\"@id\":\"https:\/\/www.cristal-bodycontouring.com\/de\/#organization\"},\"potentialAction\":[{\"@type\":\"SearchAction\",\"target\":{\"@type\":\"EntryPoint\",\"urlTemplate\":\"https:\/\/www.cristal-bodycontouring.com\/de\/?s={search_term_string}\"},\"query-input\":\"required name=search_term_string\"}],\"inLanguage\":\"de\"},{\"@type\":\"Organization\",\"@id\":\"https:\/\/www.cristal-bodycontouring.com\/de\/#organization\",\"name\":\"CRISTAL\u00ae\",\"url\":\"https:\/\/www.cristal-bodycontouring.com\/de\/\",\"logo\":{\"@type\":\"ImageObject\",\"inLanguage\":\"de\",\"@id\":\"https:\/\/www.cristal-bodycontouring.com\/de\/#\/schema\/logo\/image\/\",\"url\":\"https:\/\/www.cristal-bodycontouring.com\/wp-content\/uploads\/2022\/03\/cropped-logo-cristal-light.png\",\"contentUrl\":\"https:\/\/www.cristal-bodycontouring.com\/wp-content\/uploads\/2022\/03\/cropped-logo-cristal-light.png\",\"width\":360,\"height\":100,\"caption\":\"CRISTAL\u00ae\"},\"image\":{\"@id\":\"https:\/\/www.cristal-bodycontouring.com\/de\/#\/schema\/logo\/image\/\"}}]}<\/script>\n<!-- \/ Yoast SEO plugin. -->","yoast_head_json":{"title":"Impressum - CRISTAL\u00ae","robots":{"index":"noindex","follow":"nofollow"},"og_locale":"de_DE","og_type":"article","og_title":"Impressum - CRISTAL\u00ae","og_description":"[vc_row row_type=&#8220;row&#8220; use_row_as_full_screen_section=&#8220;no&#8220; type=&#8220;full_width&#8220; angled_section=&#8220;no&#8220; text_align=&#8220;left&#8220; background_image_as_pattern=&#8220;without_pattern&#8220;][vc_column][vc_column_text]Angaben gem\u00e4\u00df \u00a7 5 TMG: ICE AESTHETIC GmbH Gesch\u00e4ftsf\u00fchrer: Anja Schulz Kurf\u00fcrstenstra\u00dfe 130 10785 Berlin Deutschland USt.-ID: DE304742107 eingetragen im Amtsgericht Charlottenburg (HRB 174095)[\/vc_column_text][\/vc_column][\/vc_row][vc_row row_type=&#8220;row&#8220; use_row_as_full_screen_section=&#8220;no&#8220; type=&#8220;full_width&#8220; angled_section=&#8220;no&#8220; text_align=&#8220;left&#8220; background_image_as_pattern=&#8220;without_pattern&#8220;][vc_column][vc_separator type=&#8220;normal&#8220; up=&#8220;30&#8243; down=&#8220;30&#8243;][\/vc_column][\/vc_row][vc_row row_type=&#8220;row&#8220; use_row_as_full_screen_section=&#8220;no&#8220; type=&#8220;full_width&#8220; angled_section=&#8220;no&#8220; text_align=&#8220;left&#8220; background_image_as_pattern=&#8220;without_pattern&#8220;][vc_column width=&#8220;1\/3&#8243;][vc_column_text]Sitz der Gesellschaft ICE AESTHETIC GmbH Kurf\u00fcrstenstra\u00dfe 130 10785 Berlin [&hellip;]","og_url":"https:\/\/www.cristal-bodycontouring.com\/de\/impressum\/","og_site_name":"CRISTAL\u00ae","article_modified_time":"2025-09-15T08:48:23+00:00","og_image":[{"width":1795,"height":1000,"url":"https:\/\/www.cristal-bodycontouring.com\/wp-content\/uploads\/2020\/07\/Cristal-leucht-e1595837101174.jpg","type":"image\/jpeg"}],"twitter_card":"summary_large_image","twitter_misc":{"Gesch\u00e4tzte Lesezeit":"3\u00a0Minuten"},"schema":{"@context":"https:\/\/schema.org","@graph":[{"@type":"WebPage","@id":"https:\/\/www.cristal-bodycontouring.com\/de\/impressum\/","url":"https:\/\/www.cristal-bodycontouring.com\/de\/impressum\/","name":"Impressum - CRISTAL\u00ae","isPartOf":{"@id":"https:\/\/www.cristal-bodycontouring.com\/de\/#website"},"datePublished":"2016-06-22T11:59:56+00:00","dateModified":"2025-09-15T08:48:23+00:00","breadcrumb":{"@id":"https:\/\/www.cristal-bodycontouring.com\/de\/impressum\/#breadcrumb"},"inLanguage":"de","potentialAction":[{"@type":"ReadAction","target":["https:\/\/www.cristal-bodycontouring.com\/de\/impressum\/"]}]},{"@type":"BreadcrumbList","@id":"https:\/\/www.cristal-bodycontouring.com\/de\/impressum\/#breadcrumb","itemListElement":[{"@type":"ListItem","position":1,"name":"Home","item":"https:\/\/www.cristal-bodycontouring.com\/de\/"},{"@type":"ListItem","position":2,"name":"Impressum"}]},{"@type":"WebSite","@id":"https:\/\/www.cristal-bodycontouring.com\/de\/#website","url":"https:\/\/www.cristal-bodycontouring.com\/de\/","name":"CRISTAL\u00ae","description":"Medical Cryolipolysis Equipment","publisher":{"@id":"https:\/\/www.cristal-bodycontouring.com\/de\/#organization"},"potentialAction":[{"@type":"SearchAction","target":{"@type":"EntryPoint","urlTemplate":"https:\/\/www.cristal-bodycontouring.com\/de\/?s={search_term_string}"},"query-input":"required name=search_term_string"}],"inLanguage":"de"},{"@type":"Organization","@id":"https:\/\/www.cristal-bodycontouring.com\/de\/#organization","name":"CRISTAL\u00ae","url":"https:\/\/www.cristal-bodycontouring.com\/de\/","logo":{"@type":"ImageObject","inLanguage":"de","@id":"https:\/\/www.cristal-bodycontouring.com\/de\/#\/schema\/logo\/image\/","url":"https:\/\/www.cristal-bodycontouring.com\/wp-content\/uploads\/2022\/03\/cropped-logo-cristal-light.png","contentUrl":"https:\/\/www.cristal-bodycontouring.com\/wp-content\/uploads\/2022\/03\/cropped-logo-cristal-light.png","width":360,"height":100,"caption":"CRISTAL\u00ae"},"image":{"@id":"https:\/\/www.cristal-bodycontouring.com\/de\/#\/schema\/logo\/image\/"}}]}},"_links":{"self":[{"href":"https:\/\/www.cristal-bodycontouring.com\/de\/wp-json\/wp\/v2\/pages\/15915"}],"collection":[{"href":"https:\/\/www.cristal-bodycontouring.com\/de\/wp-json\/wp\/v2\/pages"}],"about":[{"href":"https:\/\/www.cristal-bodycontouring.com\/de\/wp-json\/wp\/v2\/types\/page"}],"author":[{"embeddable":true,"href":"https:\/\/www.cristal-bodycontouring.com\/de\/wp-json\/wp\/v2\/users\/3"}],"replies":[{"embeddable":true,"href":"https:\/\/www.cristal-bodycontouring.com\/de\/wp-json\/wp\/v2\/comments?post=15915"}],"version-history":[{"count":9,"href":"https:\/\/www.cristal-bodycontouring.com\/de\/wp-json\/wp\/v2\/pages\/15915\/revisions"}],"predecessor-version":[{"id":36715,"href":"https:\/\/www.cristal-bodycontouring.com\/de\/wp-json\/wp\/v2\/pages\/15915\/revisions\/36715"}],"wp:attachment":[{"href":"https:\/\/www.cristal-bodycontouring.com\/de\/wp-json\/wp\/v2\/media?parent=15915"}],"curies":[{"name":"wp","href":"https:\/\/api.w.org\/{rel}","templated":true}]}}