{"id":16962,"date":"2020-04-23T12:28:05","date_gmt":"2020-04-23T10:28:05","guid":{"rendered":"https:\/\/www.cristal-bodycontouring.com\/?page_id=16962"},"modified":"2020-08-13T15:54:51","modified_gmt":"2020-08-13T13:54:51","slug":"referenzen","status":"publish","type":"page","link":"https:\/\/www.cristal-bodycontouring.com\/de\/referenzen\/","title":{"rendered":"Referenzen"},"content":{"rendered":"<section class=\"wpb-content-wrapper\"><p>[vc_row full_width=&#8220;stretch_row&#8220; bg_type=&#8220;image&#8220; parallax_style=&#8220;vcpb-vz-jquery&#8220; bg_image_new=&#8220;id^17171|url^https:\/\/www.cristal-bodycontouring.com\/wp-content\/uploads\/2020\/07\/detail-pro.jpg|caption^null|alt^null|title^detail-pro|description^null&#8220; bg_image_repeat=&#8220;no-repeat&#8220; css=&#8220;.vc_custom_1595595649923{border-bottom-width: 0px !important;border-bottom-color: #595959 !important;border-bottom-style: solid !important;}&#8220; el_class=&#8220;header-minHeight&#8220;][vc_column width=&#8220;1\/2&#8243;][\/vc_column][vc_column width=&#8220;1\/2&#8243;][vc_column_text css_animation=&#8220;fadeInRightBig&#8220; el_class=&#8220;header-backgroundLayer&#8220;]<\/p>\n<h1>Das sagen erfahrene Anwender der CRISTAL\u00ae Kryolipolyse<\/h1>\n<p>[\/vc_column_text][\/vc_column][\/vc_row][vc_row][vc_column][vc_column_text css_animation=&#8220;fadeInLeftBig&#8220;]<\/p>\n<h2>\u00c4rztemeinungen zur CRISTAL\u00ae Kryolipolyse<\/h2>\n<p>Weltweit sind mehr als 600 CRISTAL\u00ae Kryolipolyseger\u00e4te im Einsatz. Erfahren Sie hier, was die CRISTAL\u00ae Kryolipolyse in der Praxis ausmacht.<\/p>\n<h3>Erfahrungen renommierter Fach\u00e4rzte mit der CRISTAL\u00ae Kryolipolyse.<\/h3>\n<p>[\/vc_column_text][\/vc_column][\/vc_row][vc_row][vc_column][vc_separator][\/vc_column][\/vc_row][vc_row equal_height=&#8220;yes&#8220; css_animation=&#8220;fadeIn&#8220;][vc_column width=&#8220;2\/5&#8243;][vc_single_image image=&#8220;16341&#8243; img_size=&#8220;175&#215;175&#8243; alignment=&#8220;center&#8220;][vc_column_text]<\/p>\n<p style=\"text-align: center;\"><strong>Dr. med. Birgitt Hantich-Hladik<\/strong><\/p>\n<p style=\"text-align: center;\">Fach\u00e4rztin f\u00fcr Dermatologie | Salzburg-Hallein, \u00d6sterreich<\/p>\n<p style=\"text-align: center;\"><em>\u201eEin erfolgreicher, wichtiger und nicht invasiver Bestandteil in unserem Ordinationsportfolio bei hartn\u00e4ckigen Figurproblemen. Rasch sichtbare Ergebnisse, keine Ausfallzeiten und ein professionelles Team hinter einem Top-Ger\u00e4t!\u201c<\/em><\/p>\n<p>[\/vc_column_text][\/vc_column][vc_column width=&#8220;1\/5&#8243;][\/vc_column][vc_column width=&#8220;2\/5&#8243;][vc_single_image image=&#8220;17496&#8243; img_size=&#8220;175&#215;175&#8243; alignment=&#8220;center&#8220;][vc_column_text]<\/p>\n<p style=\"text-align: center;\"><strong>Prof. Dr. med. Frank Siemers<\/strong><\/p>\n<p style=\"text-align: center;\">Facharzt f\u00fcr Plastische &amp; \u00c4sthetische Chirurgie | Halle, Deutschland<\/p>\n<p style=\"text-align: center;\"><em>\u201eDas Ergebnis z\u00e4hlt. Als klassischer Vertreter einer chirurgisch ausgerichteten Fachrichtung haben mich die Ergebnisse, die sich durch das nicht-operative Verfahren der Kryolipolyse mit dem CRISTAL Pro\u00ae erzielt werden k\u00f6nnen, voll und ganz \u00fcberzeugt.\u201c<\/em><\/p>\n<p>[\/vc_column_text][\/vc_column][\/vc_row][vc_row][vc_column][vc_separator][\/vc_column][\/vc_row][vc_row equal_height=&#8220;yes&#8220; css_animation=&#8220;fadeIn&#8220;][vc_column width=&#8220;2\/5&#8243;][vc_single_image image=&#8220;16351&#8243; img_size=&#8220;175&#215;175&#8243; alignment=&#8220;center&#8220;][vc_column_text]<\/p>\n<p style=\"text-align: center;\"><strong>Dr. med. Natalie Keller<\/strong><\/p>\n<p style=\"text-align: center;\">Fach\u00e4rztin f\u00fcr Allgemeine Chirurgie &amp; Spezialistin f\u00fcr \u00c4sthetische Medizin und Lasertherapie | Osnabr\u00fcck, Deutschland<\/p>\n<p style=\"text-align: center;\"><em>\u201eDie CRISTAL\u00ae Kryolipolyse Technologie ist eine \u00e4rztlich angewandte effiziente Methode, Fettpolster deutlich zu minimieren mit \u00fcberdurchschnittlich zufriedenen Patienten. Das Ger\u00e4t ist sicher in der Anwendung und geh\u00f6rt von mittlerweile vielen Ger\u00e4ten am Markt zu den 3 besten, die auch ausschlie\u00dflich von \u00c4rzten angewendet werden! Eine Bereicherung f\u00fcr meine Praxis mit \u00fcberzeugenden Resultaten.\u201c<\/em><\/p>\n<p>[\/vc_column_text][\/vc_column][vc_column width=&#8220;1\/5&#8243;][\/vc_column][vc_column width=&#8220;2\/5&#8243;][vc_single_image image=&#8220;16129&#8243; img_size=&#8220;175&#215;175&#8243; alignment=&#8220;center&#8220;][vc_column_text]<\/p>\n<p style=\"text-align: center;\"><strong>Dr. Rolf Bartsch<\/strong><\/p>\n<p style=\"text-align: center;\">Facharzt f\u00fcr Plastische und \u00c4sthetische Chirurgie, The aesthetics | Wien, \u00d6sterreich<\/p>\n<p style=\"text-align: center;\"><em>\u201eEs gibt mittlerweile unz\u00e4hlige Ger\u00e4te um Fett wegzufrieren. Ich kenne nur drei die auch wirklich funktionieren und das CRISTAL\u00ae hat mich definitiv am meisten \u00fcberzeugt. Wir haben bereits eine vierstellige Zahl zufriedener Patienten!\u201c<\/em><\/p>\n<p>[\/vc_column_text][\/vc_column][\/vc_row][vc_row][vc_column][vc_separator][\/vc_column][\/vc_row][vc_row equal_height=&#8220;yes&#8220; css_animation=&#8220;fadeIn&#8220;][vc_column width=&#8220;2\/5&#8243;][vc_single_image image=&#8220;15716&#8243; img_size=&#8220;175&#215;175&#8243; alignment=&#8220;center&#8220;][vc_column_text]<\/p>\n<p style=\"text-align: center;\"><strong>Dr. Eric Essayagh<\/strong><\/p>\n<p style=\"text-align: center;\">Facharzt f\u00fcr Plastische und \u00c4sthetische Chirurgie, \u00c4sthetikzentrum | Juan-les-Pins, Frankreich<\/p>\n<p style=\"text-align: center;\"><em>\u201eMit dem CRISTAL\u00ae habe ich endlich ein System zur nicht-invasiven Fettbehandlung gefunden. Und das CRISTAL\u00ae kann ohne jegliche Verbrauchsmaterialien benutzt werden erm\u00f6glicht die Behandlung von zwei K\u00f6rperzonen gleichzeitig.\u201c<\/em><\/p>\n<p>[\/vc_column_text][\/vc_column][vc_column width=&#8220;1\/5&#8243;][\/vc_column][vc_column width=&#8220;2\/5&#8243;][vc_single_image image=&#8220;17492&#8243; img_size=&#8220;175&#215;175&#8243; alignment=&#8220;center&#8220;][vc_column_text]<\/p>\n<p style=\"text-align: center;\"><strong>Dr. med. Philipp Sch\u00f6nle<\/strong><\/p>\n<p style=\"text-align: center;\">Facharzt f\u00fcr Plastische Chirurgie und Handchirurgie | Marbach<\/p>\n<p style=\"text-align: center;\"><em>\u201eDie Kryolipolyse erg\u00e4nzt unser Behandlungsspektrum um eine nicht-invasive Bodycontouring Methode. Wir haben uns f\u00fcr das CRISTAL Pro\u00ae entschieden, weil es mit seiner innovativen Technik eine effiziente Behandlung erm\u00f6glicht.\u201c<\/em><\/p>\n<p>[\/vc_column_text][\/vc_column][\/vc_row][vc_row][vc_column][vc_separator][\/vc_column][\/vc_row][vc_row equal_height=&#8220;yes&#8220; css_animation=&#8220;fadeIn&#8220;][vc_column width=&#8220;2\/5&#8243;][vc_single_image image=&#8220;16089&#8243; img_size=&#8220;175&#215;175&#8243; alignment=&#8220;center&#8220;][vc_column_text]<\/p>\n<p style=\"text-align: center;\"><strong>Dr. med. Katja Hohmann-Bauch<\/strong><\/p>\n<p style=\"text-align: center;\">Fach\u00e4rztin f\u00fcr Plastische und \u00c4sthetische Chirurgie, chirurgika | Leipzig, Deutschland<\/p>\n<p style=\"text-align: center;\"><em>\u201eDie CRISTAL\u00ae Kryolipolyse vervollst\u00e4ndigt mein Portfolio. Es ist eine sehr effiziente L\u00f6sung um Fettpolster zu minimieren. Die CRISTAL\u00ae Kryolipolyse er\u00f6ffnet mir die M\u00f6glichkeit Kunden zu bedienen, welche keine operative L\u00f6sung w\u00fcnschen.\u201c<\/em><\/p>\n<p>[\/vc_column_text][\/vc_column][vc_column width=&#8220;1\/5&#8243;][\/vc_column][vc_column width=&#8220;2\/5&#8243;][vc_single_image image=&#8220;16154&#8243; img_size=&#8220;175&#215;175&#8243; alignment=&#8220;center&#8220;][vc_column_text]<\/p>\n<p style=\"text-align: center;\"><strong>Prof. Dr. med. Thomas Proebstle<\/strong><\/p>\n<p style=\"text-align: center;\">Facharzt f\u00fcr Dermatologie und Phlebologie, Privatklinik Proebstle | Mannheim, Deutschland<\/p>\n<p style=\"text-align: center;\"><em>\u201eDie Kryolipolyse ist ein wichtiger Bestandteil meiner Behandlungen zur K\u00f6rperformung und Straffung. Das CRISTAL\u00ae Ger\u00e4t \u00fcberzeugt durch seine Ergebnisse. Zus\u00e4tzlich sch\u00e4tze ich die professionelle und partnerschaftliche Zusammenarbeit mit dem Team von ICE AESTHETIC\u00ae.\u201c<\/em><\/p>\n<p>[\/vc_column_text][\/vc_column][\/vc_row][vc_row][vc_column][vc_separator][\/vc_column][\/vc_row][vc_row equal_height=&#8220;yes&#8220; css_animation=&#8220;fadeIn&#8220;][vc_column width=&#8220;2\/5&#8243;][vc_single_image image=&#8220;16094&#8243; img_size=&#8220;175&#215;175&#8243; alignment=&#8220;center&#8220;][vc_column_text]<\/p>\n<p style=\"text-align: center;\"><strong>Priv. Doz. Dr. Alfred Grassegger<\/strong><\/p>\n<p style=\"text-align: center;\">Facharzt f\u00fcr Dermatologie und Venerologie | Innsbruck, \u00d6sterreich<\/p>\n<p style=\"text-align: center;\"><em>\u201eIch habe ein Kryolipolyse-Ger\u00e4t gesucht was mir absolute Sicherheit f\u00fcr meine Patienten bietet, hochwertig verarbeitet ist, und mir \u00fcberzeugende Behandlungsergebnisse liefert. Die CRISTAL\u00ae Kryolipolyse bietet mir all dies zu einem fairen Preis!\u201c<\/em><\/p>\n<p>[\/vc_column_text][\/vc_column][vc_column width=&#8220;1\/5&#8243;][\/vc_column][vc_column width=&#8220;2\/5&#8243;][vc_single_image image=&#8220;16095&#8243; img_size=&#8220;175&#215;175&#8243; alignment=&#8220;center&#8220;][vc_column_text]<\/p>\n<p style=\"text-align: center;\"><strong>Dr. med. Anja Ogger<\/strong><\/p>\n<p style=\"text-align: center;\">Fach\u00e4rztin f\u00fcr Dermatologie und Venerologie | Leonberg, Deutschland<\/p>\n<p style=\"text-align: center;\"><em>\u201eDer Grund, warum wir uns f\u00fcr die CRISTAL\u00ae Technologie entschieden haben, war mit einem Ger\u00e4t exklusiv f\u00fcr \u00c4rzte zu arbeiten. In der t\u00e4glichen Anwendung \u00fcberzeugt uns der hohe Komfort in der Behandlung und die einfache Handhabung. Unsere Patienten sind begeistert.\u201c<\/em><\/p>\n<p>[\/vc_column_text][\/vc_column][\/vc_row][vc_row][vc_column][vc_separator][\/vc_column][\/vc_row][vc_row equal_height=&#8220;yes&#8220; css_animation=&#8220;fadeIn&#8220;][vc_column width=&#8220;2\/5&#8243;][vc_single_image image=&#8220;16151&#8243; img_size=&#8220;175&#215;175&#8243; alignment=&#8220;center&#8220;][vc_column_text]<\/p>\n<p style=\"text-align: center;\"><strong>Anne-Katrin Quilitz<\/strong><\/p>\n<p style=\"text-align: center;\">Fach\u00e4rztin f\u00fcr Allgemeinchirurgie und Plastische Chirurgie, \u00c4sthetik am HEH | Braunschweig, Deutschland<\/p>\n<p style=\"text-align: center;\"><em>\u201eDa ich meinen Behandlungsschwerpunkt auf minimal- und nicht-invasive Methoden gelegt habe, ist f\u00fcr mich die Kryolipolyse ein zentrales Thema. Mit dem CRISTAL\u00ae Ger\u00e4t aus Frankreich kann ich meinen Patienten ein absolut sicheres und dabei hocheffektives Ger\u00e4t bieten. Training und Betreuung durch ICE AESTHETIC\u00ae ist vorbildlich.\u201c<\/em><\/p>\n<p>[\/vc_column_text][\/vc_column][vc_column width=&#8220;1\/5&#8243;][\/vc_column][vc_column width=&#8220;2\/5&#8243;][vc_single_image image=&#8220;16157&#8243; img_size=&#8220;175&#215;175&#8243; alignment=&#8220;center&#8220;][vc_column_text]<\/p>\n<p style=\"text-align: center;\"><strong>Dr. med. Elisabeth Hauenstein<\/strong><\/p>\n<p style=\"text-align: center;\">Fach\u00e4rztin f\u00fcr Allgemeinmedizin, Institut f\u00fcr \u00c4sthetische Medizin | Breisach, Deutschland<\/p>\n<p style=\"text-align: center;\"><em>\u201eSeit mehr als 6 Jahren biete ich die Kryolipolyse in meinem Institut an und blicke auf mittlerweile \u00fcber 9.000 Behandlungen zur\u00fcck. Ein Grund warum ich mich f\u00fcr das CRISTAL\u00ae entschieden habe waren die flachen Schenkel-Applikatoren die sich u.a. perfekt f\u00fcr die Behandlung der Reiterhosen eignen. Die Qualit\u00e4t des Ger\u00e4tes und die erzielten Ergebnisse sind absolut \u00fcberzeugend.\u201c<\/em><\/p>\n<p>[\/vc_column_text][\/vc_column][\/vc_row]<\/p>\n<\/section>","protected":false},"excerpt":{"rendered":"<p>[vc_row full_width=&#8220;stretch_row&#8220; bg_type=&#8220;image&#8220; parallax_style=&#8220;vcpb-vz-jquery&#8220; bg_image_new=&#8220;id^17171|url^https:\/\/www.cristal-bodycontouring.com\/wp-content\/uploads\/2020\/07\/detail-pro.jpg|caption^null|alt^null|title^detail-pro|description^null&#8220; bg_image_repeat=&#8220;no-repeat&#8220; css=&#8220;.vc_custom_1595595649923{border-bottom-width: 0px !important;border-bottom-color: #595959 !important;border-bottom-style: solid !important;}&#8220; el_class=&#8220;header-minHeight&#8220;][vc_column width=&#8220;1\/2&#8243;][\/vc_column][vc_column width=&#8220;1\/2&#8243;][vc_column_text css_animation=&#8220;fadeInRightBig&#8220; el_class=&#8220;header-backgroundLayer&#8220;] Das sagen erfahrene Anwender der CRISTAL\u00ae Kryolipolyse [\/vc_column_text][\/vc_column][\/vc_row][vc_row][vc_column][vc_column_text css_animation=&#8220;fadeInLeftBig&#8220;] \u00c4rztemeinungen zur CRISTAL\u00ae Kryolipolyse Weltweit sind mehr als 600 CRISTAL\u00ae Kryolipolyseger\u00e4te im Einsatz. Erfahren Sie hier, was die CRISTAL\u00ae Kryolipolyse in der Praxis ausmacht. Erfahrungen renommierter Fach\u00e4rzte mit [&hellip;]<\/p>\n","protected":false},"author":1,"featured_media":0,"parent":0,"menu_order":0,"comment_status":"closed","ping_status":"closed","template":"","meta":[],"acf":[],"yoast_head":"<!-- This site is optimized with the Yoast SEO plugin v20.8 - https:\/\/yoast.com\/wordpress\/plugins\/seo\/ -->\n<title>Das sagen erfahrene \u00c4rzte \u00fcber CRISTAL\u00ae | CRISTAL\u00ae Bodycontouring<\/title>\n<meta name=\"description\" content=\"Anwenderberichte unsere Partner, die in Praxen und Kliniken bereits erfolgreich mit dem CRISTAL\u00ae Kryolipolyse Ger\u00e4t behandeln.\" \/>\n<meta name=\"robots\" content=\"index, follow, max-snippet:-1, max-image-preview:large, max-video-preview:-1\" \/>\n<link rel=\"canonical\" href=\"https:\/\/www.cristal-bodycontouring.com\/de\/referenzen\/\" \/>\n<meta property=\"og:locale\" content=\"de_DE\" \/>\n<meta property=\"og:type\" content=\"article\" \/>\n<meta property=\"og:title\" content=\"Das sagen erfahrene \u00c4rzte \u00fcber CRISTAL\u00ae | CRISTAL\u00ae Bodycontouring\" \/>\n<meta property=\"og:description\" content=\"Anwenderberichte unsere Partner, die in Praxen und Kliniken bereits erfolgreich mit dem CRISTAL\u00ae Kryolipolyse Ger\u00e4t behandeln.\" \/>\n<meta property=\"og:url\" content=\"https:\/\/www.cristal-bodycontouring.com\/de\/referenzen\/\" \/>\n<meta property=\"og:site_name\" content=\"CRISTAL\u00ae\" \/>\n<meta property=\"article:modified_time\" content=\"2020-08-13T13:54:51+00:00\" \/>\n<meta property=\"og:image\" content=\"https:\/\/www.cristal-bodycontouring.com\/wp-content\/uploads\/2020\/07\/Cristal-leucht-e1595837101174.jpg\" \/>\n\t<meta property=\"og:image:width\" content=\"1795\" \/>\n\t<meta property=\"og:image:height\" content=\"1000\" \/>\n\t<meta property=\"og:image:type\" content=\"image\/jpeg\" \/>\n<meta name=\"twitter:card\" content=\"summary_large_image\" \/>\n<meta name=\"twitter:label1\" content=\"Gesch\u00e4tzte Lesezeit\" \/>\n\t<meta name=\"twitter:data1\" content=\"6\u00a0Minuten\" \/>\n<script type=\"application\/ld+json\" class=\"yoast-schema-graph\">{\"@context\":\"https:\/\/schema.org\",\"@graph\":[{\"@type\":\"WebPage\",\"@id\":\"https:\/\/www.cristal-bodycontouring.com\/de\/referenzen\/\",\"url\":\"https:\/\/www.cristal-bodycontouring.com\/de\/referenzen\/\",\"name\":\"Das sagen erfahrene \u00c4rzte \u00fcber CRISTAL\u00ae | CRISTAL\u00ae Bodycontouring\",\"isPartOf\":{\"@id\":\"https:\/\/www.cristal-bodycontouring.com\/de\/#website\"},\"datePublished\":\"2020-04-23T10:28:05+00:00\",\"dateModified\":\"2020-08-13T13:54:51+00:00\",\"description\":\"Anwenderberichte unsere Partner, die in Praxen und Kliniken bereits erfolgreich mit dem CRISTAL\u00ae Kryolipolyse Ger\u00e4t behandeln.\",\"breadcrumb\":{\"@id\":\"https:\/\/www.cristal-bodycontouring.com\/de\/referenzen\/#breadcrumb\"},\"inLanguage\":\"de\",\"potentialAction\":[{\"@type\":\"ReadAction\",\"target\":[\"https:\/\/www.cristal-bodycontouring.com\/de\/referenzen\/\"]}]},{\"@type\":\"BreadcrumbList\",\"@id\":\"https:\/\/www.cristal-bodycontouring.com\/de\/referenzen\/#breadcrumb\",\"itemListElement\":[{\"@type\":\"ListItem\",\"position\":1,\"name\":\"Home\",\"item\":\"https:\/\/www.cristal-bodycontouring.com\/de\/\"},{\"@type\":\"ListItem\",\"position\":2,\"name\":\"Referenzen\"}]},{\"@type\":\"WebSite\",\"@id\":\"https:\/\/www.cristal-bodycontouring.com\/de\/#website\",\"url\":\"https:\/\/www.cristal-bodycontouring.com\/de\/\",\"name\":\"CRISTAL\u00ae\",\"description\":\"Medical Cryolipolysis Equipment\",\"publisher\":{\"@id\":\"https:\/\/www.cristal-bodycontouring.com\/de\/#organization\"},\"potentialAction\":[{\"@type\":\"SearchAction\",\"target\":{\"@type\":\"EntryPoint\",\"urlTemplate\":\"https:\/\/www.cristal-bodycontouring.com\/de\/?s={search_term_string}\"},\"query-input\":\"required name=search_term_string\"}],\"inLanguage\":\"de\"},{\"@type\":\"Organization\",\"@id\":\"https:\/\/www.cristal-bodycontouring.com\/de\/#organization\",\"name\":\"CRISTAL\u00ae\",\"url\":\"https:\/\/www.cristal-bodycontouring.com\/de\/\",\"logo\":{\"@type\":\"ImageObject\",\"inLanguage\":\"de\",\"@id\":\"https:\/\/www.cristal-bodycontouring.com\/de\/#\/schema\/logo\/image\/\",\"url\":\"https:\/\/www.cristal-bodycontouring.com\/wp-content\/uploads\/2022\/03\/cropped-logo-cristal-light.png\",\"contentUrl\":\"https:\/\/www.cristal-bodycontouring.com\/wp-content\/uploads\/2022\/03\/cropped-logo-cristal-light.png\",\"width\":360,\"height\":100,\"caption\":\"CRISTAL\u00ae\"},\"image\":{\"@id\":\"https:\/\/www.cristal-bodycontouring.com\/de\/#\/schema\/logo\/image\/\"}}]}<\/script>\n<!-- \/ Yoast SEO plugin. -->","yoast_head_json":{"title":"Das sagen erfahrene \u00c4rzte \u00fcber CRISTAL\u00ae | CRISTAL\u00ae Bodycontouring","description":"Anwenderberichte unsere Partner, die in Praxen und Kliniken bereits erfolgreich mit dem CRISTAL\u00ae Kryolipolyse Ger\u00e4t behandeln.","robots":{"index":"index","follow":"follow","max-snippet":"max-snippet:-1","max-image-preview":"max-image-preview:large","max-video-preview":"max-video-preview:-1"},"canonical":"https:\/\/www.cristal-bodycontouring.com\/de\/referenzen\/","og_locale":"de_DE","og_type":"article","og_title":"Das sagen erfahrene \u00c4rzte \u00fcber CRISTAL\u00ae | CRISTAL\u00ae Bodycontouring","og_description":"Anwenderberichte unsere Partner, die in Praxen und Kliniken bereits erfolgreich mit dem CRISTAL\u00ae Kryolipolyse Ger\u00e4t behandeln.","og_url":"https:\/\/www.cristal-bodycontouring.com\/de\/referenzen\/","og_site_name":"CRISTAL\u00ae","article_modified_time":"2020-08-13T13:54:51+00:00","og_image":[{"width":1795,"height":1000,"url":"https:\/\/www.cristal-bodycontouring.com\/wp-content\/uploads\/2020\/07\/Cristal-leucht-e1595837101174.jpg","type":"image\/jpeg"}],"twitter_card":"summary_large_image","twitter_misc":{"Gesch\u00e4tzte Lesezeit":"6\u00a0Minuten"},"schema":{"@context":"https:\/\/schema.org","@graph":[{"@type":"WebPage","@id":"https:\/\/www.cristal-bodycontouring.com\/de\/referenzen\/","url":"https:\/\/www.cristal-bodycontouring.com\/de\/referenzen\/","name":"Das sagen erfahrene \u00c4rzte \u00fcber CRISTAL\u00ae | CRISTAL\u00ae Bodycontouring","isPartOf":{"@id":"https:\/\/www.cristal-bodycontouring.com\/de\/#website"},"datePublished":"2020-04-23T10:28:05+00:00","dateModified":"2020-08-13T13:54:51+00:00","description":"Anwenderberichte unsere Partner, die in Praxen und Kliniken bereits erfolgreich mit dem CRISTAL\u00ae Kryolipolyse Ger\u00e4t behandeln.","breadcrumb":{"@id":"https:\/\/www.cristal-bodycontouring.com\/de\/referenzen\/#breadcrumb"},"inLanguage":"de","potentialAction":[{"@type":"ReadAction","target":["https:\/\/www.cristal-bodycontouring.com\/de\/referenzen\/"]}]},{"@type":"BreadcrumbList","@id":"https:\/\/www.cristal-bodycontouring.com\/de\/referenzen\/#breadcrumb","itemListElement":[{"@type":"ListItem","position":1,"name":"Home","item":"https:\/\/www.cristal-bodycontouring.com\/de\/"},{"@type":"ListItem","position":2,"name":"Referenzen"}]},{"@type":"WebSite","@id":"https:\/\/www.cristal-bodycontouring.com\/de\/#website","url":"https:\/\/www.cristal-bodycontouring.com\/de\/","name":"CRISTAL\u00ae","description":"Medical Cryolipolysis Equipment","publisher":{"@id":"https:\/\/www.cristal-bodycontouring.com\/de\/#organization"},"potentialAction":[{"@type":"SearchAction","target":{"@type":"EntryPoint","urlTemplate":"https:\/\/www.cristal-bodycontouring.com\/de\/?s={search_term_string}"},"query-input":"required name=search_term_string"}],"inLanguage":"de"},{"@type":"Organization","@id":"https:\/\/www.cristal-bodycontouring.com\/de\/#organization","name":"CRISTAL\u00ae","url":"https:\/\/www.cristal-bodycontouring.com\/de\/","logo":{"@type":"ImageObject","inLanguage":"de","@id":"https:\/\/www.cristal-bodycontouring.com\/de\/#\/schema\/logo\/image\/","url":"https:\/\/www.cristal-bodycontouring.com\/wp-content\/uploads\/2022\/03\/cropped-logo-cristal-light.png","contentUrl":"https:\/\/www.cristal-bodycontouring.com\/wp-content\/uploads\/2022\/03\/cropped-logo-cristal-light.png","width":360,"height":100,"caption":"CRISTAL\u00ae"},"image":{"@id":"https:\/\/www.cristal-bodycontouring.com\/de\/#\/schema\/logo\/image\/"}}]}},"_links":{"self":[{"href":"https:\/\/www.cristal-bodycontouring.com\/de\/wp-json\/wp\/v2\/pages\/16962"}],"collection":[{"href":"https:\/\/www.cristal-bodycontouring.com\/de\/wp-json\/wp\/v2\/pages"}],"about":[{"href":"https:\/\/www.cristal-bodycontouring.com\/de\/wp-json\/wp\/v2\/types\/page"}],"author":[{"embeddable":true,"href":"https:\/\/www.cristal-bodycontouring.com\/de\/wp-json\/wp\/v2\/users\/1"}],"replies":[{"embeddable":true,"href":"https:\/\/www.cristal-bodycontouring.com\/de\/wp-json\/wp\/v2\/comments?post=16962"}],"version-history":[{"count":7,"href":"https:\/\/www.cristal-bodycontouring.com\/de\/wp-json\/wp\/v2\/pages\/16962\/revisions"}],"predecessor-version":[{"id":17581,"href":"https:\/\/www.cristal-bodycontouring.com\/de\/wp-json\/wp\/v2\/pages\/16962\/revisions\/17581"}],"wp:attachment":[{"href":"https:\/\/www.cristal-bodycontouring.com\/de\/wp-json\/wp\/v2\/media?parent=16962"}],"curies":[{"name":"wp","href":"https:\/\/api.w.org\/{rel}","templated":true}]}}