{"id":17209,"date":"2020-07-23T17:48:10","date_gmt":"2020-07-23T15:48:10","guid":{"rendered":"https:\/\/www.cristal-bodycontouring.com\/?page_id=17209"},"modified":"2021-12-09T12:31:48","modified_gmt":"2021-12-09T11:31:48","slug":"cristal-fit","status":"publish","type":"page","link":"https:\/\/www.cristal-bodycontouring.com\/de\/cristal-fit\/","title":{"rendered":"Cristal Fit\u00ae"},"content":{"rendered":"<section class=\"wpb-content-wrapper\"><p>[vc_row full_width=&#8220;stretch_row&#8220; bg_type=&#8220;image&#8220; parallax_style=&#8220;vcpb-vz-jquery&#8220; bg_image_new=&#8220;id^17213|url^https:\/\/cristal.mewigo.com\/wp-content\/uploads\/2020\/07\/detail-fit.jpg|caption^null|alt^null|title^detail-fit|description^null&#8220; bg_image_repeat=&#8220;no-repeat&#8220; css=&#8220;.vc_custom_1596046080564{border-bottom-width: 0px !important;border-bottom-style: solid !important;}&#8220; el_class=&#8220;header-minHeight&#8220;][vc_column width=&#8220;1\/2&#8243;][\/vc_column][vc_column width=&#8220;1\/2&#8243;][vc_column_text el_class=&#8220;header-backgroundLayer&#8220;]<\/p>\n<h1>CRISTAL Fit\u00ae Muskelaufbau<\/h1>\n<p>[\/vc_column_text][\/vc_column][\/vc_row][vc_row content_placement=&#8220;middle&#8220;][vc_column width=&#8220;1\/2&#8243;][vc_single_image image=&#8220;17120&#8243; img_size=&#8220;full&#8220; alignment=&#8220;center&#8220; css_animation=&#8220;fadeIn&#8220;][\/vc_column][vc_column css_animation=&#8220;fadeInRightBig&#8220; width=&#8220;1\/2&#8243;][vc_column_text css_animation=&#8220;fadeInRightBig&#8220;]CRISTAL Fit\u00ae erm\u00f6glicht eine K\u00f6rperstraffung ohne OP und den gezielten Muskelaufbau an Bauch, Beinen, Po oder Armen. Die elektromagnetische Muskelstimulationstechnologie des CRISTAL Fit\u00ae revolutioniert die K\u00f6rperkonturierung und wirkt auf die Festigkeit der Silhouette, indem es die Muskeln ohne schwei\u00dftreibendes Training besonders effizient st\u00e4rkt und formt.[\/vc_column_text][\/vc_column][\/vc_row][vc_row content_placement=&#8220;top&#8220;][vc_column css_animation=&#8220;fadeInLeftBig&#8220; width=&#8220;1\/2&#8243;][vc_column_text]<\/p>\n<h2>Technologie des CRISTAL Fit\u00ae<\/h2>\n<p>Das CRISTAL Fit\u00ae ist ein Bodycontouring System mit hochintensiver elektromagnetischer Muskelstimulation (HI-EMMS). Diese Technologie verwendet ein fokussiertes elektromagnetisches Feld mit einer in Tesla gemessenen Intensit\u00e4t und basiert auf dem Faradayschen Gesetz der elektromagnetischen Induktion.<\/p>\n<p>Das elektromagnetische Feld durchdringt den K\u00f6rper nicht-invasiv und nicht-ablativ. Es interagiert mit Motoneuronen und l\u00f6st erzwungene und intensive Muskelkontraktionen aus. Der von CRISTAL Fit\u00ae erzeugte Frequenzbereich l\u00e4sst zwischen zwei aufeinanderfolgenden Stimulationen\u00a0keine Muskelentspannung zu, so dass die Muskeln in einer erzwungenen Kontraktion bleiben. Im Gegensatz zu freiwilligen Muskelkontraktionen sind diese unfreiwilligen Kontraktionen unabh\u00e4ngig von der Gehirnfunktion und daher deutlich effizienter.<\/p>\n<p>Durch die Behandlung werden die Zellen aktiviert und zum Aufbau von Muskelmasse angeregt. Das Volumen der Muskelfasern (Ph\u00e4nomen der Hypertrophie) sowie ihre Anzahl und Dichte (Ph\u00e4nomen der Hyperplasie) nimmt zu. Das Ergebnis ist eine definierte Silhouette mit mehr Muskelanteil.<\/p>\n<p>Die CRISTAL Fit\u00ae Behandlung ist v\u00f6llig schmerzfrei. Tats\u00e4chlich aktiviert das induzierte elektromagnetische Feld die Motoneuronen, um eine Muskelkontraktion zu erm\u00f6glichen.<\/p>\n<p>Im Gegensatz zur elektrischen Stimulation aktiviert es jedoch keine Schmerzrezeptoren.<\/p>\n<ul>\n<li>ergonomische Handst\u00fccke f\u00fcr die Behandlung verschiedener K\u00f6rperzonen<\/li>\n<li>einzigartige Behandlungsparameter<\/li>\n<li>Intensit\u00e4t der Behandlung in Prozentschritten einstellbar<\/li>\n<li>benutzerfreundliche Oberfl\u00e4che mit 15 Zoll Display<\/li>\n<li>entwickelt und hergestellt in Frankreich<\/li>\n<li>keine Lizenzgeb\u00fchren<\/li>\n<\/ul>\n<p>[\/vc_column_text][\/vc_column][vc_column width=&#8220;1\/2&#8243;][vc_single_image image=&#8220;17346&#8243; img_size=&#8220;full&#8220; alignment=&#8220;center&#8220; css_animation=&#8220;fadeIn&#8220;][\/vc_column][\/vc_row][vc_row full_width=&#8220;stretch_row&#8220; css=&#8220;.vc_custom_1594914648806{margin-bottom: 20px !important;background-color: #dee5e7 !important;}&#8220;][vc_column width=&#8220;1\/2&#8243;][vc_column_text]<\/p>\n<h2>Technische Daten CRISTAL Fit\u00ae<\/h2>\n<p>[\/vc_column_text][\/vc_column][vc_column width=&#8220;1\/2&#8243;][vc_column_text]<\/p>\n<table class=\"technische-daten\" style=\"height: 227px;\" width=\"931\">\n<tbody>\n<tr>\n<td>Anzahl Applikatoren<\/td>\n<td>2 Applikatoren f\u00fcr die beidseitige Behandlung des K\u00f6rpers<\/td>\n<\/tr>\n<tr>\n<td>Intensit\u00e4t<\/td>\n<td>5 Tesla pro Applikator<\/td>\n<\/tr>\n<tr>\n<td>Pulsdauer<\/td>\n<td>360 \u03bcs<\/td>\n<\/tr>\n<tr>\n<td>Frequenz<\/td>\n<td>0\u2013100 Hz<\/td>\n<\/tr>\n<tr>\n<td>Leistung<\/td>\n<td>1800 W<\/td>\n<\/tr>\n<tr>\n<td>Behandlungsfl\u00e4che (Durchmesser)<\/td>\n<td>18 cm<\/td>\n<\/tr>\n<tr>\n<td>K\u00fchlung<\/td>\n<td>Monopropylenglykol<\/td>\n<\/tr>\n<tr>\n<td>Gewicht<\/td>\n<td>76 kg<\/td>\n<\/tr>\n<tr>\n<td>Display<\/td>\n<td>Android\/15 Zoll<\/td>\n<\/tr>\n<tr>\n<td>Protokolle<\/td>\n<td>Voreingestellte Protokolle f\u00fcr die Behandlung von Bauch, Armen, Waden, Schenkeln, Ges\u00e4\u00df und Beckenboden<\/td>\n<\/tr>\n<\/tbody>\n<\/table>\n<p>[\/vc_column_text][\/vc_column][\/vc_row][vc_row full_width=&#8220;stretch_row&#8220; css=&#8220;.vc_custom_1593693232775{margin-top: 20px !important;background-color: #acbdc3 !important;}&#8220;][vc_column width=&#8220;1\/2&#8243;][vc_column_text]Haben Sie noch Fragen zum CRISTAL Fit\u00ae? Schildern Sie uns Ihr Anliegen und unsere Mitarbeiter werden sich schnellstm\u00f6glich mit Ihnen in Verbindung setzen.[\/vc_column_text][\/vc_column][vc_column width=&#8220;1\/2&#8243;]\n<div class=\"wpcf7 no-js\" id=\"wpcf7-f16951-o1\" lang=\"de-DE\" dir=\"ltr\">\n<div class=\"screen-reader-response\"><p role=\"status\" aria-live=\"polite\" aria-atomic=\"true\"><\/p> <ul><\/ul><\/div>\n<form action=\"\/de\/wp-json\/wp\/v2\/pages\/17209#wpcf7-f16951-o1\" method=\"post\" class=\"wpcf7-form init\" aria-label=\"Kontaktformular\" novalidate=\"novalidate\" data-status=\"init\">\n<div style=\"display: none;\">\n<input type=\"hidden\" name=\"_wpcf7\" value=\"16951\" \/>\n<input type=\"hidden\" name=\"_wpcf7_version\" value=\"5.7.6\" \/>\n<input type=\"hidden\" name=\"_wpcf7_locale\" value=\"de_DE\" \/>\n<input type=\"hidden\" name=\"_wpcf7_unit_tag\" value=\"wpcf7-f16951-o1\" \/>\n<input type=\"hidden\" name=\"_wpcf7_container_post\" value=\"0\" \/>\n<input type=\"hidden\" name=\"_wpcf7_posted_data_hash\" value=\"\" \/>\n<input type=\"hidden\" name=\"_wpcf7_recaptcha_response\" value=\"\" \/>\n<\/div>\n<p><span class=\"wpcf7-form-control-wrap\" data-name=\"your-name\"><input size=\"40\" class=\"wpcf7-form-control wpcf7-text wpcf7-validates-as-required\" aria-required=\"true\" aria-invalid=\"false\" placeholder=\"NAME *\" value=\"\" type=\"text\" name=\"your-name\" \/><\/span>\n<\/p>\n<p><span class=\"wpcf7-form-control-wrap\" data-name=\"first-name\"><input size=\"40\" class=\"wpcf7-form-control wpcf7-text\" aria-invalid=\"false\" placeholder=\"VORNAME\" value=\"\" type=\"text\" name=\"first-name\" \/><\/span>\n<\/p>\n<p><span class=\"wpcf7-form-control-wrap\" data-name=\"your-email\"><input size=\"40\" class=\"wpcf7-form-control wpcf7-text wpcf7-email wpcf7-validates-as-required wpcf7-validates-as-email\" aria-required=\"true\" aria-invalid=\"false\" placeholder=\"E-MAIL *\" value=\"\" type=\"email\" name=\"your-email\" \/><\/span>\n<\/p>\n<p><span class=\"wpcf7-form-control-wrap\" data-name=\"your-tel\"><input size=\"40\" class=\"wpcf7-form-control wpcf7-text wpcf7-validates-as-required\" aria-required=\"true\" aria-invalid=\"false\" placeholder=\"TELEFON *\" value=\"\" type=\"text\" name=\"your-tel\" \/><\/span>\n<\/p>\n<p><span class=\"wpcf7-form-control-wrap\" data-name=\"your-message\"><textarea cols=\"40\" rows=\"10\" class=\"wpcf7-form-control wpcf7-textarea\" aria-invalid=\"false\" placeholder=\"NACHRICHT\" name=\"your-message\"><\/textarea><\/span>\n<\/p>\n<p><span class=\"wpcf7-form-control-wrap\" data-name=\"datenschutz\"><span class=\"wpcf7-form-control wpcf7-acceptance\"><span class=\"wpcf7-list-item\"><label><input type=\"checkbox\" name=\"datenschutz\" value=\"1\" aria-invalid=\"false\" \/><span class=\"wpcf7-list-item-label\">Ich stimme zu, dass meine eingegeben Daten zur Bearbeitung meiner Anfrage gespeichert werden. <a href=\"https:\/\/www.cristal-bodycontouring.com\/datenschutzerklaerung\/\" target=\"_blank\">Zur Datenschutzerkl\u00e4rung<\/a><\/span><\/label><\/span><\/span><\/span><br \/>\n<span class=\"wpcf7-form-control-wrap recaptcha\" data-name=\"recaptcha\"><span data-sitekey=\"6LfL77sUAAAAAB2KbT7Vu_974Xc3EcSESNg72jA0\" class=\"wpcf7-form-control g-recaptcha wpcf7-recaptcha\"><\/span>\r\n<noscript>\r\n\t<div class=\"grecaptcha-noscript\">\r\n\t\t<div class=\"BorlabsCookie _brlbs-cb-default\"><div class=\"_brlbs-content-blocker\"> <div class=\"_brlbs-default\"> <p>Klicken Sie auf den unteren Button, um den Inhalt von www.google.com zu laden.<\/p> <p><a class=\"_brlbs-btn\" href=\"#\" data-borlabs-cookie-unblock role=\"button\">Inhalt laden<\/a><\/p> <\/div> <\/div><div class=\"borlabs-hide\" data-borlabs-cookie-type=\"content-blocker\" data-borlabs-cookie-id=\"default\"><script type=\"text\/template\">PGlmcmFtZSBzcmM9Imh0dHBzOi8vd3d3Lmdvb2dsZS5jb20vcmVjYXB0Y2hhL2FwaS9mYWxsYmFjaz9rPTZMZkw3N3NVQUFBQUFCMktiVDdWdV85NzRYYzNFY1NFU05nNzJqQTAiIGZyYW1lYm9yZGVyPSIwIiBzY3JvbGxpbmc9Im5vIiB3aWR0aD0iMzEwIiBoZWlnaHQ9IjQzMCI+DQoJCTwvaWZyYW1lPg==<\/script><\/div><\/div>\r\n\t\t<textarea name=\"g-recaptcha-response\" rows=\"3\" cols=\"40\" placeholder=\"reCaptcha Response Here\">\r\n\t\t<\/textarea>\r\n\t<\/div>\r\n<\/noscript>\r\n<\/span><br \/>\n<span id=\"wpcf7-6a057cb0a6053-wrapper\" class=\"wpcf7-form-control-wrap honeypot-5-wrap\" style=\"display:none !important; visibility:hidden !important;\"><label for=\"wpcf7-6a057cb0a6053-field\" class=\"hp-message\">Bitte lasse dieses Feld leer.<\/label><input id=\"wpcf7-6a057cb0a6053-field\"  class=\"wpcf7-form-control wpcf7-text\" type=\"text\" name=\"honeypot-5\" value=\"\" size=\"40\" tabindex=\"-1\" autocomplete=\"new-password\" \/><\/span><br \/>\n<input class=\"wpcf7-form-control has-spinner wpcf7-submit\" type=\"submit\" value=\"Absenden\" \/>\n<\/p><div class=\"wpcf7-response-output\" aria-hidden=\"true\"><\/div>\n<\/form>\n<\/div>\n[\/vc_column][\/vc_row]<\/p>\n<\/section>","protected":false},"excerpt":{"rendered":"<p>[vc_row full_width=&#8220;stretch_row&#8220; bg_type=&#8220;image&#8220; parallax_style=&#8220;vcpb-vz-jquery&#8220; bg_image_new=&#8220;id^17213|url^https:\/\/cristal.mewigo.com\/wp-content\/uploads\/2020\/07\/detail-fit.jpg|caption^null|alt^null|title^detail-fit|description^null&#8220; bg_image_repeat=&#8220;no-repeat&#8220; css=&#8220;.vc_custom_1596046080564{border-bottom-width: 0px !important;border-bottom-style: solid !important;}&#8220; el_class=&#8220;header-minHeight&#8220;][vc_column width=&#8220;1\/2&#8243;][\/vc_column][vc_column width=&#8220;1\/2&#8243;][vc_column_text el_class=&#8220;header-backgroundLayer&#8220;] CRISTAL Fit\u00ae Muskelaufbau [\/vc_column_text][\/vc_column][\/vc_row][vc_row content_placement=&#8220;middle&#8220;][vc_column width=&#8220;1\/2&#8243;][vc_single_image image=&#8220;17120&#8243; img_size=&#8220;full&#8220; alignment=&#8220;center&#8220; css_animation=&#8220;fadeIn&#8220;][\/vc_column][vc_column css_animation=&#8220;fadeInRightBig&#8220; width=&#8220;1\/2&#8243;][vc_column_text css_animation=&#8220;fadeInRightBig&#8220;]CRISTAL Fit\u00ae erm\u00f6glicht eine K\u00f6rperstraffung ohne OP und den gezielten Muskelaufbau an Bauch, Beinen, Po oder Armen. Die elektromagnetische Muskelstimulationstechnologie des CRISTAL Fit\u00ae revolutioniert die K\u00f6rperkonturierung und wirkt [&hellip;]<\/p>\n","protected":false},"author":3,"featured_media":0,"parent":0,"menu_order":0,"comment_status":"closed","ping_status":"closed","template":"","meta":[],"acf":[],"yoast_head":"<!-- This site is optimized with the Yoast SEO plugin v20.8 - https:\/\/yoast.com\/wordpress\/plugins\/seo\/ -->\n<title>Cristal Fit\u00ae: Muskelaufbau mit Magnetwellen | CRISTAL\u00ae Bodycontouring<\/title>\n<meta name=\"description\" content=\"Muskelaufbau mit der HI-EMMS (High-Intensity Electromagnetic Stimulation) Technologie des franz\u00f6sichen Medizintechnikherstellers Deleo. Keine Lizenzgeb\u00fchren\" \/>\n<meta name=\"robots\" content=\"index, follow, max-snippet:-1, max-image-preview:large, max-video-preview:-1\" \/>\n<link rel=\"canonical\" href=\"https:\/\/www.cristal-bodycontouring.com\/de\/cristal-fit\/\" \/>\n<meta property=\"og:locale\" content=\"de_DE\" \/>\n<meta property=\"og:type\" content=\"article\" \/>\n<meta property=\"og:title\" content=\"Cristal Fit\u00ae: Muskelaufbau mit Magnetwellen | CRISTAL\u00ae Bodycontouring\" \/>\n<meta property=\"og:description\" content=\"Muskelaufbau mit der HI-EMMS (High-Intensity Electromagnetic Stimulation) Technologie des franz\u00f6sichen Medizintechnikherstellers Deleo. Keine Lizenzgeb\u00fchren\" \/>\n<meta property=\"og:url\" content=\"https:\/\/www.cristal-bodycontouring.com\/de\/cristal-fit\/\" \/>\n<meta property=\"og:site_name\" content=\"CRISTAL\u00ae\" \/>\n<meta property=\"article:modified_time\" content=\"2021-12-09T11:31:48+00:00\" \/>\n<meta property=\"og:image\" content=\"https:\/\/www.cristal-bodycontouring.com\/wp-content\/uploads\/2020\/07\/C-Fit-geraet2.jpg\" \/>\n\t<meta property=\"og:image:width\" content=\"474\" \/>\n\t<meta property=\"og:image:height\" content=\"700\" \/>\n\t<meta property=\"og:image:type\" content=\"image\/jpeg\" \/>\n<meta name=\"twitter:card\" content=\"summary_large_image\" \/>\n<meta name=\"twitter:label1\" content=\"Gesch\u00e4tzte Lesezeit\" \/>\n\t<meta name=\"twitter:data1\" content=\"2\u00a0Minuten\" \/>\n<script type=\"application\/ld+json\" class=\"yoast-schema-graph\">{\"@context\":\"https:\/\/schema.org\",\"@graph\":[{\"@type\":\"WebPage\",\"@id\":\"https:\/\/www.cristal-bodycontouring.com\/de\/cristal-fit\/\",\"url\":\"https:\/\/www.cristal-bodycontouring.com\/de\/cristal-fit\/\",\"name\":\"Cristal Fit\u00ae: Muskelaufbau mit Magnetwellen | CRISTAL\u00ae Bodycontouring\",\"isPartOf\":{\"@id\":\"https:\/\/www.cristal-bodycontouring.com\/de\/#website\"},\"datePublished\":\"2020-07-23T15:48:10+00:00\",\"dateModified\":\"2021-12-09T11:31:48+00:00\",\"description\":\"Muskelaufbau mit der HI-EMMS (High-Intensity Electromagnetic Stimulation) Technologie des franz\u00f6sichen Medizintechnikherstellers Deleo. Keine Lizenzgeb\u00fchren\",\"breadcrumb\":{\"@id\":\"https:\/\/www.cristal-bodycontouring.com\/de\/cristal-fit\/#breadcrumb\"},\"inLanguage\":\"de\",\"potentialAction\":[{\"@type\":\"ReadAction\",\"target\":[\"https:\/\/www.cristal-bodycontouring.com\/de\/cristal-fit\/\"]}]},{\"@type\":\"BreadcrumbList\",\"@id\":\"https:\/\/www.cristal-bodycontouring.com\/de\/cristal-fit\/#breadcrumb\",\"itemListElement\":[{\"@type\":\"ListItem\",\"position\":1,\"name\":\"Home\",\"item\":\"https:\/\/www.cristal-bodycontouring.com\/de\/\"},{\"@type\":\"ListItem\",\"position\":2,\"name\":\"Cristal Fit\u00ae\"}]},{\"@type\":\"WebSite\",\"@id\":\"https:\/\/www.cristal-bodycontouring.com\/de\/#website\",\"url\":\"https:\/\/www.cristal-bodycontouring.com\/de\/\",\"name\":\"CRISTAL\u00ae\",\"description\":\"Medical Cryolipolysis Equipment\",\"publisher\":{\"@id\":\"https:\/\/www.cristal-bodycontouring.com\/de\/#organization\"},\"potentialAction\":[{\"@type\":\"SearchAction\",\"target\":{\"@type\":\"EntryPoint\",\"urlTemplate\":\"https:\/\/www.cristal-bodycontouring.com\/de\/?s={search_term_string}\"},\"query-input\":\"required name=search_term_string\"}],\"inLanguage\":\"de\"},{\"@type\":\"Organization\",\"@id\":\"https:\/\/www.cristal-bodycontouring.com\/de\/#organization\",\"name\":\"CRISTAL\u00ae\",\"url\":\"https:\/\/www.cristal-bodycontouring.com\/de\/\",\"logo\":{\"@type\":\"ImageObject\",\"inLanguage\":\"de\",\"@id\":\"https:\/\/www.cristal-bodycontouring.com\/de\/#\/schema\/logo\/image\/\",\"url\":\"https:\/\/www.cristal-bodycontouring.com\/wp-content\/uploads\/2022\/03\/cropped-logo-cristal-light.png\",\"contentUrl\":\"https:\/\/www.cristal-bodycontouring.com\/wp-content\/uploads\/2022\/03\/cropped-logo-cristal-light.png\",\"width\":360,\"height\":100,\"caption\":\"CRISTAL\u00ae\"},\"image\":{\"@id\":\"https:\/\/www.cristal-bodycontouring.com\/de\/#\/schema\/logo\/image\/\"}}]}<\/script>\n<!-- \/ Yoast SEO plugin. -->","yoast_head_json":{"title":"Cristal Fit\u00ae: Muskelaufbau mit Magnetwellen | CRISTAL\u00ae Bodycontouring","description":"Muskelaufbau mit der HI-EMMS (High-Intensity Electromagnetic Stimulation) Technologie des franz\u00f6sichen Medizintechnikherstellers Deleo. Keine Lizenzgeb\u00fchren","robots":{"index":"index","follow":"follow","max-snippet":"max-snippet:-1","max-image-preview":"max-image-preview:large","max-video-preview":"max-video-preview:-1"},"canonical":"https:\/\/www.cristal-bodycontouring.com\/de\/cristal-fit\/","og_locale":"de_DE","og_type":"article","og_title":"Cristal Fit\u00ae: Muskelaufbau mit Magnetwellen | CRISTAL\u00ae Bodycontouring","og_description":"Muskelaufbau mit der HI-EMMS (High-Intensity Electromagnetic Stimulation) Technologie des franz\u00f6sichen Medizintechnikherstellers Deleo. Keine Lizenzgeb\u00fchren","og_url":"https:\/\/www.cristal-bodycontouring.com\/de\/cristal-fit\/","og_site_name":"CRISTAL\u00ae","article_modified_time":"2021-12-09T11:31:48+00:00","og_image":[{"width":474,"height":700,"url":"https:\/\/www.cristal-bodycontouring.com\/wp-content\/uploads\/2020\/07\/C-Fit-geraet2.jpg","type":"image\/jpeg"}],"twitter_card":"summary_large_image","twitter_misc":{"Gesch\u00e4tzte Lesezeit":"2\u00a0Minuten"},"schema":{"@context":"https:\/\/schema.org","@graph":[{"@type":"WebPage","@id":"https:\/\/www.cristal-bodycontouring.com\/de\/cristal-fit\/","url":"https:\/\/www.cristal-bodycontouring.com\/de\/cristal-fit\/","name":"Cristal Fit\u00ae: Muskelaufbau mit Magnetwellen | CRISTAL\u00ae Bodycontouring","isPartOf":{"@id":"https:\/\/www.cristal-bodycontouring.com\/de\/#website"},"datePublished":"2020-07-23T15:48:10+00:00","dateModified":"2021-12-09T11:31:48+00:00","description":"Muskelaufbau mit der HI-EMMS (High-Intensity Electromagnetic Stimulation) Technologie des franz\u00f6sichen Medizintechnikherstellers Deleo. Keine Lizenzgeb\u00fchren","breadcrumb":{"@id":"https:\/\/www.cristal-bodycontouring.com\/de\/cristal-fit\/#breadcrumb"},"inLanguage":"de","potentialAction":[{"@type":"ReadAction","target":["https:\/\/www.cristal-bodycontouring.com\/de\/cristal-fit\/"]}]},{"@type":"BreadcrumbList","@id":"https:\/\/www.cristal-bodycontouring.com\/de\/cristal-fit\/#breadcrumb","itemListElement":[{"@type":"ListItem","position":1,"name":"Home","item":"https:\/\/www.cristal-bodycontouring.com\/de\/"},{"@type":"ListItem","position":2,"name":"Cristal Fit\u00ae"}]},{"@type":"WebSite","@id":"https:\/\/www.cristal-bodycontouring.com\/de\/#website","url":"https:\/\/www.cristal-bodycontouring.com\/de\/","name":"CRISTAL\u00ae","description":"Medical Cryolipolysis Equipment","publisher":{"@id":"https:\/\/www.cristal-bodycontouring.com\/de\/#organization"},"potentialAction":[{"@type":"SearchAction","target":{"@type":"EntryPoint","urlTemplate":"https:\/\/www.cristal-bodycontouring.com\/de\/?s={search_term_string}"},"query-input":"required name=search_term_string"}],"inLanguage":"de"},{"@type":"Organization","@id":"https:\/\/www.cristal-bodycontouring.com\/de\/#organization","name":"CRISTAL\u00ae","url":"https:\/\/www.cristal-bodycontouring.com\/de\/","logo":{"@type":"ImageObject","inLanguage":"de","@id":"https:\/\/www.cristal-bodycontouring.com\/de\/#\/schema\/logo\/image\/","url":"https:\/\/www.cristal-bodycontouring.com\/wp-content\/uploads\/2022\/03\/cropped-logo-cristal-light.png","contentUrl":"https:\/\/www.cristal-bodycontouring.com\/wp-content\/uploads\/2022\/03\/cropped-logo-cristal-light.png","width":360,"height":100,"caption":"CRISTAL\u00ae"},"image":{"@id":"https:\/\/www.cristal-bodycontouring.com\/de\/#\/schema\/logo\/image\/"}}]}},"_links":{"self":[{"href":"https:\/\/www.cristal-bodycontouring.com\/de\/wp-json\/wp\/v2\/pages\/17209"}],"collection":[{"href":"https:\/\/www.cristal-bodycontouring.com\/de\/wp-json\/wp\/v2\/pages"}],"about":[{"href":"https:\/\/www.cristal-bodycontouring.com\/de\/wp-json\/wp\/v2\/types\/page"}],"author":[{"embeddable":true,"href":"https:\/\/www.cristal-bodycontouring.com\/de\/wp-json\/wp\/v2\/users\/3"}],"replies":[{"embeddable":true,"href":"https:\/\/www.cristal-bodycontouring.com\/de\/wp-json\/wp\/v2\/comments?post=17209"}],"version-history":[{"count":26,"href":"https:\/\/www.cristal-bodycontouring.com\/de\/wp-json\/wp\/v2\/pages\/17209\/revisions"}],"predecessor-version":[{"id":23945,"href":"https:\/\/www.cristal-bodycontouring.com\/de\/wp-json\/wp\/v2\/pages\/17209\/revisions\/23945"}],"wp:attachment":[{"href":"https:\/\/www.cristal-bodycontouring.com\/de\/wp-json\/wp\/v2\/media?parent=17209"}],"curies":[{"name":"wp","href":"https:\/\/api.w.org\/{rel}","templated":true}]}}