{"id":17304,"date":"2020-07-24T13:33:19","date_gmt":"2020-07-24T11:33:19","guid":{"rendered":"https:\/\/www.cristal-bodycontouring.com\/?page_id=17304"},"modified":"2020-08-14T18:06:09","modified_gmt":"2020-08-14T16:06:09","slug":"diamond","status":"publish","type":"page","link":"https:\/\/www.cristal-bodycontouring.com\/de\/diamond\/","title":{"rendered":"Diamond"},"content":{"rendered":"<section class=\"wpb-content-wrapper\"><p>[vc_row full_width=&#8220;stretch_row&#8220; bg_type=&#8220;image&#8220; parallax_style=&#8220;vcpb-vz-jquery&#8220; bg_image_new=&#8220;id^17311|url^https:\/\/www.cristal-bodycontouring.com\/wp-content\/uploads\/2020\/07\/Diamond_header-1.jpg|caption^null|alt^null|title^Diamond_header|description^null&#8220; bg_image_repeat=&#8220;no-repeat&#8220; css=&#8220;.vc_custom_1595595594915{border-bottom-width: 0px !important;border-bottom-color: #595959 !important;border-bottom-style: solid !important;}&#8220; el_class=&#8220;header-minHeight&#8220;][vc_column width=&#8220;1\/2&#8243;][\/vc_column][vc_column width=&#8220;1\/2&#8243; el_class=&#8220;diamondHeading&#8220;][vc_column_text css_animation=&#8220;fadeInRightBig&#8220; el_class=&#8220;header-backgroundLayer&#8220;]<\/p>\n<h1>Cellulite- und Hautstraffungs-Behandlung mit dem DIAMOND Applikator<\/h1>\n<p>[\/vc_column_text][\/vc_column][\/vc_row][vc_row content_placement=&#8220;middle&#8220; css_animation=&#8220;none&#8220;][vc_column css_animation=&#8220;fadeInLeftBig&#8220; width=&#8220;1\/2&#8243;][vc_column_text]Das Bodycontouring der CRISTAL\u00ae Serie verfolgt einen ganzheitlichen Ansatz nicht-invasiver Behandlungen. Neben den 7 verschiedenen Kryolipolyse Applikatoren der zertifizierten Medizintechnikger\u00e4ten CRISTAL\u00ae und CRISTAL Pro\u00ae umfasst das 360\u00b0 Konzept auch ein spezielles Handst\u00fcck f\u00fcr Cellulite- und Hautstraffungsbehandlungen.[\/vc_column_text][\/vc_column][vc_column css_animation=&#8220;fadeIn&#8220; width=&#8220;1\/2&#8243;][vc_single_image image=&#8220;17022&#8243; img_size=&#8220;full&#8220; alignment=&#8220;center&#8220;][\/vc_column][\/vc_row][vc_row content_placement=&#8220;middle&#8220;][vc_column css_animation=&#8220;fadeIn&#8220; width=&#8220;1\/2&#8243;][vc_column_text]<\/p>\n<h2>Einsatzbereiche des DIAMOND Applikators<\/h2>\n<p>Mit dem DIAMOND Applikator ist es m\u00f6glich, Cellulite nachhaltig ohne Operation zu behandeln und erschlafftes Bindegewebe zu st\u00e4rken. Bereits in einer 20-min\u00fctigen Sitzung werden Soforteffekte erzielt, die nach etwa 6 Behandlungen dauerhaft gehalten werden.<\/p>\n<p>Der DIAMOND Appliaktor kann zus\u00e4tzlich zur Kryolipolyse Behandlung eingesetzt werden, zur Korrektur nach einer Liposuktion oder nach einer Gewichtsreduktion. Die Behandlung eignet sich f\u00fcr Bauch, Beine und Arme und kann auch bei Dehnungsstreifen zum Einsatz kommen.[\/vc_column_text][\/vc_column][vc_column width=&#8220;1\/2&#8243;][\/vc_column][\/vc_row][vc_row content_placement=&#8220;middle&#8220; css_animation=&#8220;none&#8220;][vc_column css_animation=&#8220;fadeInLeftBig&#8220; width=&#8220;1\/2&#8243;][vc_column_text]<\/p>\n<h2>Die DIAMOND Technologie<\/h2>\n<p>DIAMOND vereint mehrere Technologien, die synergetisch zusammenspielen und optimale Ergebnisse ohne operativen Eingriff erm\u00f6glichen. Der DIAMOND Applikator ist mit 940 nm hochintensiven fokussierten (HIF) Dioden ausgestattet. Diese Wellenl\u00e4nge wurde speziell aufgrund ihrer F\u00e4higkeit ausgew\u00e4hlt, tief in die Haut bis zu den Adipozyten und in das umliegende Bindegewebe einzudringen. Die langwellige Infrarotstrahlung wird durch das Zielgewebe absorbiert und in W\u00e4rmeenergie umgewandelt, wodurch das Fettgewebe erw\u00e4rmt wird. Die Neokollagenase wird angeregt und das Gewebe des behandelten Areals sichtbar und langfristig gestrafft.[\/vc_column_text][\/vc_column][vc_column css_animation=&#8220;fadeIn&#8220; width=&#8220;1\/2&#8243;][vc_row_inner][vc_column_inner width=&#8220;1\/3&#8243;][vc_single_image image=&#8220;17315&#8243; img_size=&#8220;full&#8220; alignment=&#8220;center&#8220; css_animation=&#8220;none&#8220;][vc_column_text]<\/p>\n<p style=\"text-align: center;\"><strong>HIF Dioden<\/strong><br \/>\nAbsorption durch das Tiefengewebe<\/p>\n<p>[\/vc_column_text][\/vc_column_inner][vc_column_inner width=&#8220;1\/3&#8243;][vc_single_image image=&#8220;17319&#8243; img_size=&#8220;full&#8220; alignment=&#8220;center&#8220;][vc_column_text]<\/p>\n<p style=\"text-align: center;\"><strong>W\u00e4rmeenergie<\/strong><br \/>\nKollagenkontraktion und Aktivierung physiologischer Reaktionen der Dermis<\/p>\n<p>[\/vc_column_text][\/vc_column_inner][vc_column_inner width=&#8220;1\/3&#8243;][vc_single_image image=&#8220;17323&#8243; img_size=&#8220;full&#8220; alignment=&#8220;center&#8220;][vc_column_text]<\/p>\n<p style=\"text-align: center;\"><strong>Vakuum<\/strong><br \/>\nLymphdrainage, Dehnung der Septen und Stimulation der Fibroblasten<\/p>\n<p>[\/vc_column_text][\/vc_column_inner][\/vc_row_inner][\/vc_column][\/vc_row][vc_row full_width=&#8220;stretch_row&#8220; css=&#8220;.vc_custom_1587634608171{background-color: #acbdc3 !important;}&#8220;][vc_column width=&#8220;1\/2&#8243;][vc_column_text]Haben Sie noch Fragen zum DIAMOND Applikator? Schildern Sie uns Ihr Anliegen und unsere Mitarbeiter werden sich schnellstm\u00f6glich mit Ihnen in Verbindung setzen.[\/vc_column_text][\/vc_column][vc_column width=&#8220;1\/2&#8243;]\n<div class=\"wpcf7 no-js\" id=\"wpcf7-f16951-o1\" lang=\"de-DE\" dir=\"ltr\">\n<div class=\"screen-reader-response\"><p role=\"status\" aria-live=\"polite\" aria-atomic=\"true\"><\/p> <ul><\/ul><\/div>\n<form action=\"\/de\/wp-json\/wp\/v2\/pages\/17304#wpcf7-f16951-o1\" method=\"post\" class=\"wpcf7-form init\" aria-label=\"Kontaktformular\" novalidate=\"novalidate\" data-status=\"init\">\n<div style=\"display: none;\">\n<input type=\"hidden\" name=\"_wpcf7\" value=\"16951\" \/>\n<input type=\"hidden\" name=\"_wpcf7_version\" value=\"5.7.6\" \/>\n<input type=\"hidden\" name=\"_wpcf7_locale\" value=\"de_DE\" \/>\n<input type=\"hidden\" name=\"_wpcf7_unit_tag\" value=\"wpcf7-f16951-o1\" \/>\n<input type=\"hidden\" name=\"_wpcf7_container_post\" value=\"0\" \/>\n<input type=\"hidden\" name=\"_wpcf7_posted_data_hash\" value=\"\" \/>\n<input type=\"hidden\" name=\"_wpcf7_recaptcha_response\" value=\"\" \/>\n<\/div>\n<p><span class=\"wpcf7-form-control-wrap\" data-name=\"your-name\"><input size=\"40\" class=\"wpcf7-form-control wpcf7-text wpcf7-validates-as-required\" aria-required=\"true\" aria-invalid=\"false\" placeholder=\"NAME *\" value=\"\" type=\"text\" name=\"your-name\" \/><\/span>\n<\/p>\n<p><span class=\"wpcf7-form-control-wrap\" data-name=\"first-name\"><input size=\"40\" class=\"wpcf7-form-control wpcf7-text\" aria-invalid=\"false\" placeholder=\"VORNAME\" value=\"\" type=\"text\" name=\"first-name\" \/><\/span>\n<\/p>\n<p><span class=\"wpcf7-form-control-wrap\" data-name=\"your-email\"><input size=\"40\" class=\"wpcf7-form-control wpcf7-text wpcf7-email wpcf7-validates-as-required wpcf7-validates-as-email\" aria-required=\"true\" aria-invalid=\"false\" placeholder=\"E-MAIL *\" value=\"\" type=\"email\" name=\"your-email\" \/><\/span>\n<\/p>\n<p><span class=\"wpcf7-form-control-wrap\" data-name=\"your-tel\"><input size=\"40\" class=\"wpcf7-form-control wpcf7-text wpcf7-validates-as-required\" aria-required=\"true\" aria-invalid=\"false\" placeholder=\"TELEFON *\" value=\"\" type=\"text\" name=\"your-tel\" \/><\/span>\n<\/p>\n<p><span class=\"wpcf7-form-control-wrap\" data-name=\"your-message\"><textarea cols=\"40\" rows=\"10\" class=\"wpcf7-form-control wpcf7-textarea\" aria-invalid=\"false\" placeholder=\"NACHRICHT\" name=\"your-message\"><\/textarea><\/span>\n<\/p>\n<p><span class=\"wpcf7-form-control-wrap\" data-name=\"datenschutz\"><span class=\"wpcf7-form-control wpcf7-acceptance\"><span class=\"wpcf7-list-item\"><label><input type=\"checkbox\" name=\"datenschutz\" value=\"1\" aria-invalid=\"false\" \/><span class=\"wpcf7-list-item-label\">Ich stimme zu, dass meine eingegeben Daten zur Bearbeitung meiner Anfrage gespeichert werden. <a href=\"https:\/\/www.cristal-bodycontouring.com\/datenschutzerklaerung\/\" target=\"_blank\">Zur Datenschutzerkl\u00e4rung<\/a><\/span><\/label><\/span><\/span><\/span><br \/>\n<span class=\"wpcf7-form-control-wrap recaptcha\" data-name=\"recaptcha\"><span data-sitekey=\"6LfL77sUAAAAAB2KbT7Vu_974Xc3EcSESNg72jA0\" class=\"wpcf7-form-control g-recaptcha wpcf7-recaptcha\"><\/span>\r\n<noscript>\r\n\t<div class=\"grecaptcha-noscript\">\r\n\t\t<div class=\"BorlabsCookie _brlbs-cb-default\"><div class=\"_brlbs-content-blocker\"> <div class=\"_brlbs-default\"> <p>Klicken Sie auf den unteren Button, um den Inhalt von www.google.com zu laden.<\/p> <p><a class=\"_brlbs-btn\" href=\"#\" data-borlabs-cookie-unblock role=\"button\">Inhalt laden<\/a><\/p> <\/div> <\/div><div class=\"borlabs-hide\" data-borlabs-cookie-type=\"content-blocker\" data-borlabs-cookie-id=\"default\"><script type=\"text\/template\">PGlmcmFtZSBzcmM9Imh0dHBzOi8vd3d3Lmdvb2dsZS5jb20vcmVjYXB0Y2hhL2FwaS9mYWxsYmFjaz9rPTZMZkw3N3NVQUFBQUFCMktiVDdWdV85NzRYYzNFY1NFU05nNzJqQTAiIGZyYW1lYm9yZGVyPSIwIiBzY3JvbGxpbmc9Im5vIiB3aWR0aD0iMzEwIiBoZWlnaHQ9IjQzMCI+DQoJCTwvaWZyYW1lPg==<\/script><\/div><\/div>\r\n\t\t<textarea name=\"g-recaptcha-response\" rows=\"3\" cols=\"40\" placeholder=\"reCaptcha Response Here\">\r\n\t\t<\/textarea>\r\n\t<\/div>\r\n<\/noscript>\r\n<\/span><br \/>\n<span id=\"wpcf7-6a06557597f6f-wrapper\" class=\"wpcf7-form-control-wrap honeypot-5-wrap\" style=\"display:none !important; visibility:hidden !important;\"><label for=\"wpcf7-6a06557597f6f-field\" class=\"hp-message\">Bitte lasse dieses Feld leer.<\/label><input id=\"wpcf7-6a06557597f6f-field\"  class=\"wpcf7-form-control wpcf7-text\" type=\"text\" name=\"honeypot-5\" value=\"\" size=\"40\" tabindex=\"-1\" autocomplete=\"new-password\" \/><\/span><br \/>\n<input class=\"wpcf7-form-control has-spinner wpcf7-submit\" type=\"submit\" value=\"Absenden\" \/>\n<\/p><div class=\"wpcf7-response-output\" aria-hidden=\"true\"><\/div>\n<\/form>\n<\/div>\n[\/vc_column][\/vc_row]<\/p>\n<\/section>","protected":false},"excerpt":{"rendered":"<p>[vc_row full_width=&#8220;stretch_row&#8220; bg_type=&#8220;image&#8220; parallax_style=&#8220;vcpb-vz-jquery&#8220; bg_image_new=&#8220;id^17311|url^https:\/\/www.cristal-bodycontouring.com\/wp-content\/uploads\/2020\/07\/Diamond_header-1.jpg|caption^null|alt^null|title^Diamond_header|description^null&#8220; bg_image_repeat=&#8220;no-repeat&#8220; css=&#8220;.vc_custom_1595595594915{border-bottom-width: 0px !important;border-bottom-color: #595959 !important;border-bottom-style: solid !important;}&#8220; el_class=&#8220;header-minHeight&#8220;][vc_column width=&#8220;1\/2&#8243;][\/vc_column][vc_column width=&#8220;1\/2&#8243; el_class=&#8220;diamondHeading&#8220;][vc_column_text css_animation=&#8220;fadeInRightBig&#8220; el_class=&#8220;header-backgroundLayer&#8220;] Cellulite- und Hautstraffungs-Behandlung mit dem DIAMOND Applikator [\/vc_column_text][\/vc_column][\/vc_row][vc_row content_placement=&#8220;middle&#8220; css_animation=&#8220;none&#8220;][vc_column css_animation=&#8220;fadeInLeftBig&#8220; width=&#8220;1\/2&#8243;][vc_column_text]Das Bodycontouring der CRISTAL\u00ae Serie verfolgt einen ganzheitlichen Ansatz nicht-invasiver Behandlungen. Neben den 7 verschiedenen Kryolipolyse Applikatoren der zertifizierten Medizintechnikger\u00e4ten CRISTAL\u00ae und CRISTAL Pro\u00ae umfasst [&hellip;]<\/p>\n","protected":false},"author":3,"featured_media":0,"parent":0,"menu_order":0,"comment_status":"closed","ping_status":"closed","template":"","meta":[],"acf":[],"yoast_head":"<!-- This site is optimized with the Yoast SEO plugin v20.8 - https:\/\/yoast.com\/wordpress\/plugins\/seo\/ -->\n<title>DIAMOND Hautstraffung Cellulitebehandlung | CRISTAL\u00ae Bodycontouring<\/title>\n<meta name=\"description\" content=\"DIAMOND: Die innovative Technologie erm\u00f6glicht Hautstraffung und Reduktion von Cellulite ohne Operation. Sicher, delegierbar, keine Lizenzgeb\u00fchren\" \/>\n<meta name=\"robots\" content=\"index, follow, max-snippet:-1, max-image-preview:large, max-video-preview:-1\" \/>\n<link rel=\"canonical\" href=\"https:\/\/www.cristal-bodycontouring.com\/de\/diamond\/\" \/>\n<meta property=\"og:locale\" content=\"de_DE\" \/>\n<meta property=\"og:type\" content=\"article\" \/>\n<meta property=\"og:title\" content=\"DIAMOND Hautstraffung Cellulitebehandlung | CRISTAL\u00ae Bodycontouring\" \/>\n<meta property=\"og:description\" content=\"DIAMOND: Die innovative Technologie erm\u00f6glicht Hautstraffung und Reduktion von Cellulite ohne Operation. Sicher, delegierbar, keine Lizenzgeb\u00fchren\" \/>\n<meta property=\"og:url\" content=\"https:\/\/www.cristal-bodycontouring.com\/de\/diamond\/\" \/>\n<meta property=\"og:site_name\" content=\"CRISTAL\u00ae\" \/>\n<meta property=\"article:modified_time\" content=\"2020-08-14T16:06:09+00:00\" \/>\n<meta property=\"og:image\" content=\"https:\/\/www.cristal-bodycontouring.com\/wp-content\/uploads\/2020\/07\/Cristal-leucht-e1595837101174.jpg\" \/>\n\t<meta property=\"og:image:width\" content=\"1795\" \/>\n\t<meta property=\"og:image:height\" content=\"1000\" \/>\n\t<meta property=\"og:image:type\" content=\"image\/jpeg\" \/>\n<meta name=\"twitter:card\" content=\"summary_large_image\" \/>\n<meta name=\"twitter:label1\" content=\"Gesch\u00e4tzte Lesezeit\" \/>\n\t<meta name=\"twitter:data1\" content=\"3\u00a0Minuten\" \/>\n<script type=\"application\/ld+json\" class=\"yoast-schema-graph\">{\"@context\":\"https:\/\/schema.org\",\"@graph\":[{\"@type\":\"WebPage\",\"@id\":\"https:\/\/www.cristal-bodycontouring.com\/de\/diamond\/\",\"url\":\"https:\/\/www.cristal-bodycontouring.com\/de\/diamond\/\",\"name\":\"DIAMOND Hautstraffung Cellulitebehandlung | CRISTAL\u00ae Bodycontouring\",\"isPartOf\":{\"@id\":\"https:\/\/www.cristal-bodycontouring.com\/de\/#website\"},\"datePublished\":\"2020-07-24T11:33:19+00:00\",\"dateModified\":\"2020-08-14T16:06:09+00:00\",\"description\":\"DIAMOND: Die innovative Technologie erm\u00f6glicht Hautstraffung und Reduktion von Cellulite ohne Operation. Sicher, delegierbar, keine Lizenzgeb\u00fchren\",\"breadcrumb\":{\"@id\":\"https:\/\/www.cristal-bodycontouring.com\/de\/diamond\/#breadcrumb\"},\"inLanguage\":\"de\",\"potentialAction\":[{\"@type\":\"ReadAction\",\"target\":[\"https:\/\/www.cristal-bodycontouring.com\/de\/diamond\/\"]}]},{\"@type\":\"BreadcrumbList\",\"@id\":\"https:\/\/www.cristal-bodycontouring.com\/de\/diamond\/#breadcrumb\",\"itemListElement\":[{\"@type\":\"ListItem\",\"position\":1,\"name\":\"Home\",\"item\":\"https:\/\/www.cristal-bodycontouring.com\/de\/\"},{\"@type\":\"ListItem\",\"position\":2,\"name\":\"Diamond\"}]},{\"@type\":\"WebSite\",\"@id\":\"https:\/\/www.cristal-bodycontouring.com\/de\/#website\",\"url\":\"https:\/\/www.cristal-bodycontouring.com\/de\/\",\"name\":\"CRISTAL\u00ae\",\"description\":\"Medical Cryolipolysis Equipment\",\"publisher\":{\"@id\":\"https:\/\/www.cristal-bodycontouring.com\/de\/#organization\"},\"potentialAction\":[{\"@type\":\"SearchAction\",\"target\":{\"@type\":\"EntryPoint\",\"urlTemplate\":\"https:\/\/www.cristal-bodycontouring.com\/de\/?s={search_term_string}\"},\"query-input\":\"required name=search_term_string\"}],\"inLanguage\":\"de\"},{\"@type\":\"Organization\",\"@id\":\"https:\/\/www.cristal-bodycontouring.com\/de\/#organization\",\"name\":\"CRISTAL\u00ae\",\"url\":\"https:\/\/www.cristal-bodycontouring.com\/de\/\",\"logo\":{\"@type\":\"ImageObject\",\"inLanguage\":\"de\",\"@id\":\"https:\/\/www.cristal-bodycontouring.com\/de\/#\/schema\/logo\/image\/\",\"url\":\"https:\/\/www.cristal-bodycontouring.com\/wp-content\/uploads\/2022\/03\/cropped-logo-cristal-light.png\",\"contentUrl\":\"https:\/\/www.cristal-bodycontouring.com\/wp-content\/uploads\/2022\/03\/cropped-logo-cristal-light.png\",\"width\":360,\"height\":100,\"caption\":\"CRISTAL\u00ae\"},\"image\":{\"@id\":\"https:\/\/www.cristal-bodycontouring.com\/de\/#\/schema\/logo\/image\/\"}}]}<\/script>\n<!-- \/ Yoast SEO plugin. -->","yoast_head_json":{"title":"DIAMOND Hautstraffung Cellulitebehandlung | CRISTAL\u00ae Bodycontouring","description":"DIAMOND: Die innovative Technologie erm\u00f6glicht Hautstraffung und Reduktion von Cellulite ohne Operation. Sicher, delegierbar, keine Lizenzgeb\u00fchren","robots":{"index":"index","follow":"follow","max-snippet":"max-snippet:-1","max-image-preview":"max-image-preview:large","max-video-preview":"max-video-preview:-1"},"canonical":"https:\/\/www.cristal-bodycontouring.com\/de\/diamond\/","og_locale":"de_DE","og_type":"article","og_title":"DIAMOND Hautstraffung Cellulitebehandlung | CRISTAL\u00ae Bodycontouring","og_description":"DIAMOND: Die innovative Technologie erm\u00f6glicht Hautstraffung und Reduktion von Cellulite ohne Operation. Sicher, delegierbar, keine Lizenzgeb\u00fchren","og_url":"https:\/\/www.cristal-bodycontouring.com\/de\/diamond\/","og_site_name":"CRISTAL\u00ae","article_modified_time":"2020-08-14T16:06:09+00:00","og_image":[{"width":1795,"height":1000,"url":"https:\/\/www.cristal-bodycontouring.com\/wp-content\/uploads\/2020\/07\/Cristal-leucht-e1595837101174.jpg","type":"image\/jpeg"}],"twitter_card":"summary_large_image","twitter_misc":{"Gesch\u00e4tzte Lesezeit":"3\u00a0Minuten"},"schema":{"@context":"https:\/\/schema.org","@graph":[{"@type":"WebPage","@id":"https:\/\/www.cristal-bodycontouring.com\/de\/diamond\/","url":"https:\/\/www.cristal-bodycontouring.com\/de\/diamond\/","name":"DIAMOND Hautstraffung Cellulitebehandlung | CRISTAL\u00ae Bodycontouring","isPartOf":{"@id":"https:\/\/www.cristal-bodycontouring.com\/de\/#website"},"datePublished":"2020-07-24T11:33:19+00:00","dateModified":"2020-08-14T16:06:09+00:00","description":"DIAMOND: Die innovative Technologie erm\u00f6glicht Hautstraffung und Reduktion von Cellulite ohne Operation. Sicher, delegierbar, keine Lizenzgeb\u00fchren","breadcrumb":{"@id":"https:\/\/www.cristal-bodycontouring.com\/de\/diamond\/#breadcrumb"},"inLanguage":"de","potentialAction":[{"@type":"ReadAction","target":["https:\/\/www.cristal-bodycontouring.com\/de\/diamond\/"]}]},{"@type":"BreadcrumbList","@id":"https:\/\/www.cristal-bodycontouring.com\/de\/diamond\/#breadcrumb","itemListElement":[{"@type":"ListItem","position":1,"name":"Home","item":"https:\/\/www.cristal-bodycontouring.com\/de\/"},{"@type":"ListItem","position":2,"name":"Diamond"}]},{"@type":"WebSite","@id":"https:\/\/www.cristal-bodycontouring.com\/de\/#website","url":"https:\/\/www.cristal-bodycontouring.com\/de\/","name":"CRISTAL\u00ae","description":"Medical Cryolipolysis Equipment","publisher":{"@id":"https:\/\/www.cristal-bodycontouring.com\/de\/#organization"},"potentialAction":[{"@type":"SearchAction","target":{"@type":"EntryPoint","urlTemplate":"https:\/\/www.cristal-bodycontouring.com\/de\/?s={search_term_string}"},"query-input":"required name=search_term_string"}],"inLanguage":"de"},{"@type":"Organization","@id":"https:\/\/www.cristal-bodycontouring.com\/de\/#organization","name":"CRISTAL\u00ae","url":"https:\/\/www.cristal-bodycontouring.com\/de\/","logo":{"@type":"ImageObject","inLanguage":"de","@id":"https:\/\/www.cristal-bodycontouring.com\/de\/#\/schema\/logo\/image\/","url":"https:\/\/www.cristal-bodycontouring.com\/wp-content\/uploads\/2022\/03\/cropped-logo-cristal-light.png","contentUrl":"https:\/\/www.cristal-bodycontouring.com\/wp-content\/uploads\/2022\/03\/cropped-logo-cristal-light.png","width":360,"height":100,"caption":"CRISTAL\u00ae"},"image":{"@id":"https:\/\/www.cristal-bodycontouring.com\/de\/#\/schema\/logo\/image\/"}}]}},"_links":{"self":[{"href":"https:\/\/www.cristal-bodycontouring.com\/de\/wp-json\/wp\/v2\/pages\/17304"}],"collection":[{"href":"https:\/\/www.cristal-bodycontouring.com\/de\/wp-json\/wp\/v2\/pages"}],"about":[{"href":"https:\/\/www.cristal-bodycontouring.com\/de\/wp-json\/wp\/v2\/types\/page"}],"author":[{"embeddable":true,"href":"https:\/\/www.cristal-bodycontouring.com\/de\/wp-json\/wp\/v2\/users\/3"}],"replies":[{"embeddable":true,"href":"https:\/\/www.cristal-bodycontouring.com\/de\/wp-json\/wp\/v2\/comments?post=17304"}],"version-history":[{"count":11,"href":"https:\/\/www.cristal-bodycontouring.com\/de\/wp-json\/wp\/v2\/pages\/17304\/revisions"}],"predecessor-version":[{"id":17585,"href":"https:\/\/www.cristal-bodycontouring.com\/de\/wp-json\/wp\/v2\/pages\/17304\/revisions\/17585"}],"wp:attachment":[{"href":"https:\/\/www.cristal-bodycontouring.com\/de\/wp-json\/wp\/v2\/media?parent=17304"}],"curies":[{"name":"wp","href":"https:\/\/api.w.org\/{rel}","templated":true}]}}